{"id":609322,"date":"2025-08-07T06:30:25","date_gmt":"2025-08-07T04:30:25","guid":{"rendered":"https:\/\/lucacastelli.com\/prodotto\/milwaukee-m12-fuel-kompakt-heckenschere-mit-20-cm-klinge\/"},"modified":"2025-08-07T06:30:25","modified_gmt":"2025-08-07T04:30:25","slug":"milwaukee-m12-fuel-kompakt-heckenschere-mit-20-cm-klinge","status":"publish","type":"product","link":"https:\/\/lucacastelli.com\/de\/produkt\/milwaukee-m12-fuel-kompakt-heckenschere-mit-20-cm-klinge\/","title":{"rendered":"Milwaukee M12 FUEL Kompakt-Heckenschere mit 20 cm Klinge"},"content":{"rendered":"<p>M12 FHT20-402 \/GARTENWERKZEUGE<br \/>\n20 cm lange Klinge, ideal f\u00fcr Trimm- und Pr\u00e4zisionsarbeiten oder Formschnittarbeiten an Hecken und Str\u00e4uchern;Maximale Schnittkapazit\u00e4t 12,5 mm;Erm\u00f6glicht schnelle und pr\u00e4zise Schnitte, f\u00fcr maximale Produktivit\u00e4t;Vollmetallgetriebe;Ergonomischer, gummierter Griff f\u00fcr maximale Kontrolle, auch in schwer zug\u00e4nglichen Bereichen;Ausbalanciertes, leichtes Design f\u00fcr m\u00fcheloses Schneiden in verschiedenen Positionen;Schutz der Klingenspitze f\u00fcr maximale Sicherheit und zur Vermeidung von Sch\u00e4den an Gegenst\u00e4nden;Akkuladezustandsanzeige;Ausgestattet mit Klingenschutz;FUEL Technologie definiert schnurlose Elektrowerkzeuge neu. Der b\u00fcrstenlose Motor, die REDLINK PLUS\u2122-Elektronik und der REDLITHIUM\u2122-Akku sorgen f\u00fcr \u00fcberragende Leistung und Langlebigkeit;Funktioniert mit allen Milwaukee-Akkus <\/p>\n<p>4933479676<br \/>\n4058546374709<\/p>\n","protected":false},"excerpt":{"rendered":"<p>M12 FHT20-402 \/GARTENGER\u00c4TE<\/p>\n","protected":false},"featured_media":580973,"template":"","meta":{"_seopress_robots_primary_cat":"","_seopress_titles_title":"","_seopress_titles_desc":"","_seopress_robots_index":""},"product_brand":[3656],"product_cat":[1629,1449,1695,169],"product_tag":[3272],"class_list":{"0":"post-609322","1":"product","2":"type-product","3":"status-publish","4":"has-post-thumbnail","6":"product_brand-milwaukee-de","7":"product_cat-akku-heckenscheren-und-astscheren","8":"product_cat-batteriesysteme-zubehor","9":"product_cat-heckenscheren-und-astscheren","10":"product_cat-maschinen","11":"product_tag-import-milwau-de","12":"sws-conto-ricavi-merci-rivendita-macchinari-de","13":"sws-gruppo-iva-iva81-de","15":"first","16":"onbackorder","17":"sale","18":"shipping-taxable","19":"purchasable","20":"product-type-simple"},"_links":{"self":[{"href":"https:\/\/lucacastelli.com\/de\/wp-json\/wp\/v2\/product\/609322","targetHints":{"allow":["GET"]}}],"collection":[{"href":"https:\/\/lucacastelli.com\/de\/wp-json\/wp\/v2\/product"}],"about":[{"href":"https:\/\/lucacastelli.com\/de\/wp-json\/wp\/v2\/types\/product"}],"wp:featuredmedia":[{"embeddable":true,"href":"https:\/\/lucacastelli.com\/de\/wp-json\/wp\/v2\/media\/580973"}],"wp:attachment":[{"href":"https:\/\/lucacastelli.com\/de\/wp-json\/wp\/v2\/media?parent=609322"}],"wp:term":[{"taxonomy":"product_brand","embeddable":true,"href":"https:\/\/lucacastelli.com\/de\/wp-json\/wp\/v2\/product_brand?post=609322"},{"taxonomy":"product_cat","embeddable":true,"href":"https:\/\/lucacastelli.com\/de\/wp-json\/wp\/v2\/product_cat?post=609322"},{"taxonomy":"product_tag","embeddable":true,"href":"https:\/\/lucacastelli.com\/de\/wp-json\/wp\/v2\/product_tag?post=609322"}],"curies":[{"name":"wp","href":"https:\/\/api.w.org\/{rel}","templated":true}]}}