{"id":609306,"date":"2025-08-07T20:29:50","date_gmt":"2025-08-07T18:29:50","guid":{"rendered":"https:\/\/lucacastelli.com\/prodotto\/milwaukee-klappbares-sportmesser-mit-extrastarker-klinge-2\/"},"modified":"2025-08-07T20:29:50","modified_gmt":"2025-08-07T18:29:50","slug":"milwaukee-klappbares-sportmesser-mit-extrastarker-klinge-2","status":"publish","type":"product","link":"https:\/\/lucacastelli.com\/de\/produkt\/milwaukee-klappbares-sportmesser-mit-extrastarker-klinge-2\/","title":{"rendered":"Milwaukee Klappbares Sportmesser mit extrastarker Klinge"},"content":{"rendered":"<p>89 mm &#8221;SPORT&#8221; Messer mit glatter Klinge<br \/>\nPREMIUM D2 Klinge verhindert Korrosion und bleibt l\u00e4nger scharf;Glatte Klinge. Ideal f\u00fcr schwere Eins\u00e4tze;Schnelles \u00d6ffnen mit Lagersystem: kann mit nur zwei H\u00e4nden ge\u00f6ffnet werden;Stahlrahmen\u00f6ffnung h\u00e4lt die Klinge in der offenen Position;Griff aus Nylon und rostfreiem Stahl;Stift sichert die Klinge in der offenen Position;Lanyard-Loch;G\u00fcrtelclip f\u00fcr schnellen Zugriff ohne Besch\u00e4digung der Taschen <\/p>\n<p>4932492453<br \/>\n4058546418205<\/p>\n","protected":false},"excerpt":{"rendered":"<p>89 mm &#8221;SPORT&#8221; MESSER MIT GLATTER KLINGE<\/p>\n","protected":false},"featured_media":556551,"template":"","meta":{"_seopress_robots_primary_cat":"","_seopress_titles_title":"","_seopress_titles_desc":"","_seopress_robots_index":""},"product_brand":[3407],"product_cat":[5416,33],"product_tag":[3270],"class_list":{"0":"post-609306","1":"product","2":"type-product","3":"status-publish","4":"has-post-thumbnail","6":"product_brand-milwaukee","7":"product_cat-utensili-per-officina","8":"product_cat-attrezzature","9":"product_tag-import-milwau","10":"sws-conto-ricavi-merci-rivendita-macchinari-de","11":"sws-gruppo-iva-iva81-de","13":"first","14":"onbackorder","15":"sale","16":"shipping-taxable","17":"purchasable","18":"product-type-simple"},"_links":{"self":[{"href":"https:\/\/lucacastelli.com\/de\/wp-json\/wp\/v2\/product\/609306","targetHints":{"allow":["GET"]}}],"collection":[{"href":"https:\/\/lucacastelli.com\/de\/wp-json\/wp\/v2\/product"}],"about":[{"href":"https:\/\/lucacastelli.com\/de\/wp-json\/wp\/v2\/types\/product"}],"wp:featuredmedia":[{"embeddable":true,"href":"https:\/\/lucacastelli.com\/de\/wp-json\/wp\/v2\/media\/556551"}],"wp:attachment":[{"href":"https:\/\/lucacastelli.com\/de\/wp-json\/wp\/v2\/media?parent=609306"}],"wp:term":[{"taxonomy":"product_brand","embeddable":true,"href":"https:\/\/lucacastelli.com\/de\/wp-json\/wp\/v2\/product_brand?post=609306"},{"taxonomy":"product_cat","embeddable":true,"href":"https:\/\/lucacastelli.com\/de\/wp-json\/wp\/v2\/product_cat?post=609306"},{"taxonomy":"product_tag","embeddable":true,"href":"https:\/\/lucacastelli.com\/de\/wp-json\/wp\/v2\/product_tag?post=609306"}],"curies":[{"name":"wp","href":"https:\/\/api.w.org\/{rel}","templated":true}]}}