{"id":609303,"date":"2025-08-07T20:29:44","date_gmt":"2025-08-07T18:29:44","guid":{"rendered":"https:\/\/lucacastelli.com\/prodotto\/milwaukee-hawkbill-messer-mit-feststehender-klinge\/"},"modified":"2025-08-07T20:29:44","modified_gmt":"2025-08-07T18:29:44","slug":"milwaukee-hawkbill-messer-mit-feststehender-klinge","status":"publish","type":"product","link":"https:\/\/lucacastelli.com\/de\/produkt\/milwaukee-hawkbill-messer-mit-feststehender-klinge\/","title":{"rendered":"Milwaukee Hawkbill Messer mit feststehender Klinge"},"content":{"rendered":"<p>MESSER MIT FESTER KLINGE HAWKBILL 1 St.<br \/>\nFeststehendes Messer ist ideal zum Abisolieren von Dr\u00e4hten und Kabeln; Klinge aus rostfreiem Stahl, die so optimiert ist, dass sie lange scharf bleibt; Ganzmetallkonstruktion f\u00fcr maximale Festigkeit bei h\u00e4rtesten Eins\u00e4tzen; breiter, ergonomischer Griff f\u00fcr bequeme Benutzung mit Handschuhen; Schl\u00fcsselbandhalterung; stabiles Etui f\u00fcr einfachen Transport und schnellen Zugriff<\/p>\n<p>4932464829<br \/>\n4058546227746<\/p>\n","protected":false},"excerpt":{"rendered":"<p>MESSER MIT FESTER KLINGE HAWKBILL 1 St\u00fcck<\/p>\n","protected":false},"featured_media":529883,"template":"","meta":{"_seopress_robots_primary_cat":"","_seopress_titles_title":"","_seopress_titles_desc":"","_seopress_robots_index":""},"product_brand":[3407],"product_cat":[5416,33],"product_tag":[3270],"class_list":{"0":"post-609303","1":"product","2":"type-product","3":"status-publish","4":"has-post-thumbnail","6":"product_brand-milwaukee","7":"product_cat-utensili-per-officina","8":"product_cat-attrezzature","9":"product_tag-import-milwau","10":"sws-conto-ricavi-merci-rivendita-macchinari-de","11":"sws-gruppo-iva-iva81-de","13":"first","14":"onbackorder","15":"sale","16":"shipping-taxable","17":"purchasable","18":"product-type-simple"},"_links":{"self":[{"href":"https:\/\/lucacastelli.com\/de\/wp-json\/wp\/v2\/product\/609303","targetHints":{"allow":["GET"]}}],"collection":[{"href":"https:\/\/lucacastelli.com\/de\/wp-json\/wp\/v2\/product"}],"about":[{"href":"https:\/\/lucacastelli.com\/de\/wp-json\/wp\/v2\/types\/product"}],"wp:featuredmedia":[{"embeddable":true,"href":"https:\/\/lucacastelli.com\/de\/wp-json\/wp\/v2\/media\/529883"}],"wp:attachment":[{"href":"https:\/\/lucacastelli.com\/de\/wp-json\/wp\/v2\/media?parent=609303"}],"wp:term":[{"taxonomy":"product_brand","embeddable":true,"href":"https:\/\/lucacastelli.com\/de\/wp-json\/wp\/v2\/product_brand?post=609303"},{"taxonomy":"product_cat","embeddable":true,"href":"https:\/\/lucacastelli.com\/de\/wp-json\/wp\/v2\/product_cat?post=609303"},{"taxonomy":"product_tag","embeddable":true,"href":"https:\/\/lucacastelli.com\/de\/wp-json\/wp\/v2\/product_tag?post=609303"}],"curies":[{"name":"wp","href":"https:\/\/api.w.org\/{rel}","templated":true}]}}