{"id":609294,"date":"2025-08-09T11:19:46","date_gmt":"2025-08-09T09:19:46","guid":{"rendered":"https:\/\/lucacastelli.com\/prodotto\/milwaukee-kreissaege-mit-184-mm-klinge-fuer-kreissaege\/"},"modified":"2025-08-09T11:19:46","modified_gmt":"2025-08-09T09:19:46","slug":"milwaukee-kreissaege-mit-184-mm-klinge-fuer-kreissaege","status":"publish","type":"product","link":"https:\/\/lucacastelli.com\/de\/produkt\/milwaukee-kreissaege-mit-184-mm-klinge-fuer-kreissaege\/","title":{"rendered":"Milwaukee Kreiss\u00e4ge mit 184 mm Klinge f\u00fcr Kreiss\u00e4ge"},"content":{"rendered":"<p>CS 60\/KREISS\u00c4GEN<br \/>\nLeistungsstarker 1600-W-Motor mit 5800 U\/min f\u00fcr schnelle, pr\u00e4zise Schnitte; Schnittkapazit\u00e4t 61 mm; Anfasungskapazit\u00e4t 0-56\u00b0 und 45\u00b0-Anschlag; Praktische Hebelentriegelung f\u00fcr schnelle Einstellung des Klingenwinkels; Integrierte Absaugung f\u00fcr eine saubere Schnittlinie; Breiter, ergonomischer Griff f\u00fcr bessere Handhabung und Kontrolle; Seitenf\u00fchrung f\u00fcr pr\u00e4zise, saubere Schnitte<\/p>\n<p>4933419225<br \/>\n4002395238361<\/p>\n","protected":false},"excerpt":{"rendered":"<p>CS 60\/KREISS\u00c4GEN<\/p>\n","protected":false},"featured_media":569194,"template":"","meta":{"_seopress_robots_primary_cat":"","_seopress_titles_title":"","_seopress_titles_desc":"","_seopress_robots_index":""},"product_brand":[3407],"product_cat":[29,514,558],"product_tag":[3270],"class_list":{"0":"post-609294","1":"product","2":"type-product","3":"status-publish","4":"has-post-thumbnail","6":"product_brand-milwaukee","7":"product_cat-macchinari","8":"product_cat-altri-dispositivi","9":"product_cat-seghe-accessori-vari","10":"product_tag-import-milwau","11":"sws-conto-ricavi-merci-rivendita-macchinari-de","12":"sws-gruppo-iva-iva81-de","14":"first","15":"onbackorder","16":"sale","17":"shipping-taxable","18":"purchasable","19":"product-type-simple"},"_links":{"self":[{"href":"https:\/\/lucacastelli.com\/de\/wp-json\/wp\/v2\/product\/609294","targetHints":{"allow":["GET"]}}],"collection":[{"href":"https:\/\/lucacastelli.com\/de\/wp-json\/wp\/v2\/product"}],"about":[{"href":"https:\/\/lucacastelli.com\/de\/wp-json\/wp\/v2\/types\/product"}],"wp:featuredmedia":[{"embeddable":true,"href":"https:\/\/lucacastelli.com\/de\/wp-json\/wp\/v2\/media\/569194"}],"wp:attachment":[{"href":"https:\/\/lucacastelli.com\/de\/wp-json\/wp\/v2\/media?parent=609294"}],"wp:term":[{"taxonomy":"product_brand","embeddable":true,"href":"https:\/\/lucacastelli.com\/de\/wp-json\/wp\/v2\/product_brand?post=609294"},{"taxonomy":"product_cat","embeddable":true,"href":"https:\/\/lucacastelli.com\/de\/wp-json\/wp\/v2\/product_cat?post=609294"},{"taxonomy":"product_tag","embeddable":true,"href":"https:\/\/lucacastelli.com\/de\/wp-json\/wp\/v2\/product_tag?post=609294"}],"curies":[{"name":"wp","href":"https:\/\/api.w.org\/{rel}","templated":true}]}}