{"id":609268,"date":"2025-08-10T18:24:22","date_gmt":"2025-08-10T16:24:22","guid":{"rendered":"https:\/\/lucacastelli.com\/prodotto\/milwaukee-hohlschlitz-schraubendreher-magnetic-7\/"},"modified":"2025-08-10T18:24:22","modified_gmt":"2025-08-10T16:24:22","slug":"milwaukee-hohlschlitz-schraubendreher-magnetic-7","status":"publish","type":"product","link":"https:\/\/lucacastelli.com\/de\/produkt\/milwaukee-hohlschlitz-schraubendreher-magnetic-7\/","title":{"rendered":"Milwaukee Hohlschlitz-Schraubendreher &#8211; MAGNETIC"},"content":{"rendered":"<p>BUCHSENSCHRAUBENDREHER. Hex 17mm &#8211; MAG<br \/>\nSteckschl\u00fcssel mit Durchgangsloch &#8211; ideal f\u00fcr lange Bolzen und Gewindestangen;Innensechskant f\u00fcr idealen Halt bei allen g\u00e4ngigen Schraubverbindungen;Magnetischer Arbeitskopf f\u00fcr sicheren Halt in Befestigungen;Klinge mit Sechskantschaft f\u00fcr einfaches Einsetzen eines Ratschenschl\u00fcssels;Tri Lobe-Griff f\u00fcr hohen Benutzerkomfort;Farbcodierung und Gr\u00f6\u00dfenmarkierung am Griffende zur einfachen Unterscheidung <\/p>\n<p>4932498571<br \/>\n4058546524401<\/p>\n","protected":false},"excerpt":{"rendered":"<p>BUS-SCHRAUBENDREHER Sechskant 17mm &#8211; MAG <\/p>\n","protected":false},"featured_media":544962,"template":"","meta":{"_seopress_robots_primary_cat":"","_seopress_titles_title":"","_seopress_titles_desc":"","_seopress_robots_index":""},"product_brand":[3407],"product_cat":[5416,33],"product_tag":[3270],"class_list":{"0":"post-609268","1":"product","2":"type-product","3":"status-publish","4":"has-post-thumbnail","6":"product_brand-milwaukee","7":"product_cat-utensili-per-officina","8":"product_cat-attrezzature","9":"product_tag-import-milwau","10":"sws-conto-ricavi-merci-rivendita-macchinari-de","11":"sws-gruppo-iva-iva81-de","13":"first","14":"onbackorder","15":"sale","16":"shipping-taxable","17":"purchasable","18":"product-type-simple"},"_links":{"self":[{"href":"https:\/\/lucacastelli.com\/de\/wp-json\/wp\/v2\/product\/609268","targetHints":{"allow":["GET"]}}],"collection":[{"href":"https:\/\/lucacastelli.com\/de\/wp-json\/wp\/v2\/product"}],"about":[{"href":"https:\/\/lucacastelli.com\/de\/wp-json\/wp\/v2\/types\/product"}],"wp:featuredmedia":[{"embeddable":true,"href":"https:\/\/lucacastelli.com\/de\/wp-json\/wp\/v2\/media\/544962"}],"wp:attachment":[{"href":"https:\/\/lucacastelli.com\/de\/wp-json\/wp\/v2\/media?parent=609268"}],"wp:term":[{"taxonomy":"product_brand","embeddable":true,"href":"https:\/\/lucacastelli.com\/de\/wp-json\/wp\/v2\/product_brand?post=609268"},{"taxonomy":"product_cat","embeddable":true,"href":"https:\/\/lucacastelli.com\/de\/wp-json\/wp\/v2\/product_cat?post=609268"},{"taxonomy":"product_tag","embeddable":true,"href":"https:\/\/lucacastelli.com\/de\/wp-json\/wp\/v2\/product_tag?post=609268"}],"curies":[{"name":"wp","href":"https:\/\/api.w.org\/{rel}","templated":true}]}}