{"id":609267,"date":"2025-08-10T18:24:12","date_gmt":"2025-08-10T16:24:12","guid":{"rendered":"https:\/\/lucacastelli.com\/prodotto\/milwaukee-schraubendreher-28\/"},"modified":"2025-08-10T18:24:12","modified_gmt":"2025-08-10T16:24:12","slug":"milwaukee-schraubendreher-28","status":"publish","type":"product","link":"https:\/\/lucacastelli.com\/de\/produkt\/milwaukee-schraubendreher-28\/","title":{"rendered":"Milwaukee Schraubendreher"},"content":{"rendered":"<p>SCHRAUBENDREHER SET 4 &#8211; 12 PZ<br \/>\n\u00c4u\u00dferst handlicher Griff, der es erm\u00f6glicht, den Schraubendreher bei Anwendungen bequem und schnell zu benutzen;Deutlich sichtbare Kennzeichnungen, um den Schraubendreher jederzeit leicht zu identifizieren;<br \/>\nLoch zum Befestigen des Schraubendrehers an Sicherheitsschn\u00fcren;Spitze aus extrem haltbarem und praktischem magnetischem Material;Dreiseitiger Griff, damit der Schraubendreher nicht durch die H\u00e4nde rutscht;Sechskantklinge f\u00fcr den Einsatz des Schraubenschl\u00fcssels, um mehr Hebelkraft anzuwenden<\/p>\n<p>4932472003 4058546323998<\/p>\n","protected":false},"excerpt":{"rendered":"<p>SCHRAUBENDREHER-SATZ 4 &#8211; 12 ST\u00dcCK<\/p>\n","protected":false},"featured_media":538802,"template":"","meta":{"_seopress_robots_primary_cat":"","_seopress_titles_title":"","_seopress_titles_desc":"","_seopress_robots_index":""},"product_brand":[3407],"product_cat":[5416,33],"product_tag":[3270],"class_list":{"0":"post-609267","1":"product","2":"type-product","3":"status-publish","4":"has-post-thumbnail","6":"product_brand-milwaukee","7":"product_cat-utensili-per-officina","8":"product_cat-attrezzature","9":"product_tag-import-milwau","10":"sws-conto-ricavi-merci-rivendita-macchinari-de","11":"sws-gruppo-iva-iva81-de","13":"first","14":"onbackorder","15":"sale","16":"shipping-taxable","17":"purchasable","18":"product-type-simple"},"_links":{"self":[{"href":"https:\/\/lucacastelli.com\/de\/wp-json\/wp\/v2\/product\/609267","targetHints":{"allow":["GET"]}}],"collection":[{"href":"https:\/\/lucacastelli.com\/de\/wp-json\/wp\/v2\/product"}],"about":[{"href":"https:\/\/lucacastelli.com\/de\/wp-json\/wp\/v2\/types\/product"}],"wp:featuredmedia":[{"embeddable":true,"href":"https:\/\/lucacastelli.com\/de\/wp-json\/wp\/v2\/media\/538802"}],"wp:attachment":[{"href":"https:\/\/lucacastelli.com\/de\/wp-json\/wp\/v2\/media?parent=609267"}],"wp:term":[{"taxonomy":"product_brand","embeddable":true,"href":"https:\/\/lucacastelli.com\/de\/wp-json\/wp\/v2\/product_brand?post=609267"},{"taxonomy":"product_cat","embeddable":true,"href":"https:\/\/lucacastelli.com\/de\/wp-json\/wp\/v2\/product_cat?post=609267"},{"taxonomy":"product_tag","embeddable":true,"href":"https:\/\/lucacastelli.com\/de\/wp-json\/wp\/v2\/product_tag?post=609267"}],"curies":[{"name":"wp","href":"https:\/\/api.w.org\/{rel}","templated":true}]}}