{"id":609266,"date":"2025-08-10T18:24:19","date_gmt":"2025-08-10T16:24:19","guid":{"rendered":"https:\/\/lucacastelli.com\/prodotto\/milwaukee-praezisionsschraubendreher-2\/"},"modified":"2025-08-10T18:24:19","modified_gmt":"2025-08-10T16:24:19","slug":"milwaukee-praezisionsschraubendreher-2","status":"publish","type":"product","link":"https:\/\/lucacastelli.com\/de\/produkt\/milwaukee-praezisionsschraubendreher-2\/","title":{"rendered":"Milwaukee Pr\u00e4zisionsschraubendreher"},"content":{"rendered":"<p>PR\u00c4ZISIONSKUPPLERSERIE &#8211; 6 PZ<br \/>\nMetallkern f\u00fcr erh\u00f6hte Haltbarkeit; 360\u00b0-Drehkappe; verchromte Sch\u00e4fte erh\u00f6hen die Lebensdauer des Werkzeugs, indem sie die Korrosion reduzieren; robustes Klappgeh\u00e4use; l\u00e4ngere Sch\u00e4fte f\u00fcr bessere Sicht<\/p>\n<p>4932471869<br \/>\n4058546297688<\/p>\n","protected":false},"excerpt":{"rendered":"<p>PR\u00c4ZISIONSSCHRAUBENDREHER-SATZ &#8211; 6 TEILE.<\/p>\n","protected":false},"featured_media":538122,"template":"","meta":{"_seopress_robots_primary_cat":"","_seopress_titles_title":"","_seopress_titles_desc":"","_seopress_robots_index":""},"product_brand":[3407],"product_cat":[5416,33],"product_tag":[3270],"class_list":{"0":"post-609266","1":"product","2":"type-product","3":"status-publish","4":"has-post-thumbnail","6":"product_brand-milwaukee","7":"product_cat-utensili-per-officina","8":"product_cat-attrezzature","9":"product_tag-import-milwau","10":"sws-conto-ricavi-merci-rivendita-macchinari-de","11":"sws-gruppo-iva-iva81-de","13":"first","14":"onbackorder","15":"sale","16":"shipping-taxable","17":"purchasable","18":"product-type-simple"},"_links":{"self":[{"href":"https:\/\/lucacastelli.com\/de\/wp-json\/wp\/v2\/product\/609266","targetHints":{"allow":["GET"]}}],"collection":[{"href":"https:\/\/lucacastelli.com\/de\/wp-json\/wp\/v2\/product"}],"about":[{"href":"https:\/\/lucacastelli.com\/de\/wp-json\/wp\/v2\/types\/product"}],"wp:featuredmedia":[{"embeddable":true,"href":"https:\/\/lucacastelli.com\/de\/wp-json\/wp\/v2\/media\/538122"}],"wp:attachment":[{"href":"https:\/\/lucacastelli.com\/de\/wp-json\/wp\/v2\/media?parent=609266"}],"wp:term":[{"taxonomy":"product_brand","embeddable":true,"href":"https:\/\/lucacastelli.com\/de\/wp-json\/wp\/v2\/product_brand?post=609266"},{"taxonomy":"product_cat","embeddable":true,"href":"https:\/\/lucacastelli.com\/de\/wp-json\/wp\/v2\/product_cat?post=609266"},{"taxonomy":"product_tag","embeddable":true,"href":"https:\/\/lucacastelli.com\/de\/wp-json\/wp\/v2\/product_tag?post=609266"}],"curies":[{"name":"wp","href":"https:\/\/api.w.org\/{rel}","templated":true}]}}