{"id":609256,"date":"2025-08-09T19:49:58","date_gmt":"2025-08-09T17:49:58","guid":{"rendered":"https:\/\/lucacastelli.com\/prodotto\/milwaukee-packout-thermogeformter-praezisionsschraubendreher-satz-17-teile\/"},"modified":"2025-08-09T19:49:58","modified_gmt":"2025-08-09T17:49:58","slug":"milwaukee-packout-thermogeformter-praezisionsschraubendreher-satz-17-teile","status":"publish","type":"product","link":"https:\/\/lucacastelli.com\/de\/produkt\/milwaukee-packout-thermogeformter-praezisionsschraubendreher-satz-17-teile\/","title":{"rendered":"Milwaukee PACKOUT thermogeformter Pr\u00e4zisionsschraubendreher-Satz &#8211; 17 Teile"},"content":{"rendered":"<p>PRECIS THERMOF PACKOUT TURNBIT SET<br \/>\nGanzmetallkern f\u00fcr bis zu 4-mal h\u00f6here Festigkeit; l\u00e4ngerer Schaft f\u00fcr bessere Sicht und Reichweite; 360\u00b0 drehbarer R\u00fccken f\u00fcr mehr Kontrolle; pr\u00e4zisionsgefertigte Spitzen sorgen f\u00fcr maximale Haltbarkeit und Pr\u00e4zision; verchromte Sch\u00e4fte erh\u00f6hen die Lebensdauer der Werkzeuge, indem sie das Korrosionsrisiko verringern; Premium-Schaumstoff f\u00fcr erh\u00f6hte Haltbarkeit. Lasergeschnittene Schablonen, roter Hintergrund zur schnellen Erkennung fehlender Werkzeuge.<\/p>\n<p>4932493644<br \/>\n4058546485153<\/p>\n","protected":false},"excerpt":{"rendered":"<p>THERMOF PACKOUT PR\u00c4ZISIONSSCHRAUBENDREHER-SET<\/p>\n","protected":false},"featured_media":563094,"template":"","meta":{"_seopress_robots_primary_cat":"","_seopress_titles_title":"","_seopress_titles_desc":"","_seopress_robots_index":""},"product_brand":[3656],"product_cat":[150,5529],"product_tag":[3272],"class_list":{"0":"post-609256","1":"product","2":"type-product","3":"status-publish","4":"has-post-thumbnail","6":"product_brand-milwaukee-de","7":"product_cat-ausrustung","8":"product_cat-workshop-tools","9":"product_tag-import-milwau-de","10":"sws-conto-ricavi-merci-rivendita-macchinari-de","11":"sws-gruppo-iva-iva81-de","13":"first","14":"onbackorder","15":"sale","16":"shipping-taxable","17":"purchasable","18":"product-type-simple"},"_links":{"self":[{"href":"https:\/\/lucacastelli.com\/de\/wp-json\/wp\/v2\/product\/609256","targetHints":{"allow":["GET"]}}],"collection":[{"href":"https:\/\/lucacastelli.com\/de\/wp-json\/wp\/v2\/product"}],"about":[{"href":"https:\/\/lucacastelli.com\/de\/wp-json\/wp\/v2\/types\/product"}],"wp:featuredmedia":[{"embeddable":true,"href":"https:\/\/lucacastelli.com\/de\/wp-json\/wp\/v2\/media\/563094"}],"wp:attachment":[{"href":"https:\/\/lucacastelli.com\/de\/wp-json\/wp\/v2\/media?parent=609256"}],"wp:term":[{"taxonomy":"product_brand","embeddable":true,"href":"https:\/\/lucacastelli.com\/de\/wp-json\/wp\/v2\/product_brand?post=609256"},{"taxonomy":"product_cat","embeddable":true,"href":"https:\/\/lucacastelli.com\/de\/wp-json\/wp\/v2\/product_cat?post=609256"},{"taxonomy":"product_tag","embeddable":true,"href":"https:\/\/lucacastelli.com\/de\/wp-json\/wp\/v2\/product_tag?post=609256"}],"curies":[{"name":"wp","href":"https:\/\/api.w.org\/{rel}","templated":true}]}}