{"id":609253,"date":"2025-08-08T18:34:28","date_gmt":"2025-08-08T16:34:28","guid":{"rendered":"https:\/\/lucacastelli.com\/prodotto\/milwaukee-kompletter-schraubendreher-satz-im-softmodul\/"},"modified":"2025-08-08T18:34:28","modified_gmt":"2025-08-08T16:34:28","slug":"milwaukee-kompletter-schraubendreher-satz-im-softmodul","status":"publish","type":"product","link":"https:\/\/lucacastelli.com\/de\/produkt\/milwaukee-kompletter-schraubendreher-satz-im-softmodul\/","title":{"rendered":"Milwaukee Kompletter Schraubendreher-Satz im Softmodul"},"content":{"rendered":"<p>23 St\u00fcck Trilobe Schraubendreher Schaumstoffeinlage<br \/>\nBequemer 3-seitiger Griff f\u00fcr maximalen Komfort und h\u00f6heres Drehmoment;Extrem haltbare und praktische Spitze aus magnetischem Material;Sechseckiges Design f\u00fcr die Verwendung eines Schraubenschl\u00fcssels, um mehr Hebelkraft anzuwenden;3-seitig geformter Griff, um ein Rollen zu verhindern<\/p>\n<p>4932479830<br \/>\n4058546376246<\/p>\n","protected":false},"excerpt":{"rendered":"<p>23 St\u00fcck Trilobe Schraubendreher Schaumstoffeinsatz<\/p>\n","protected":false},"featured_media":544894,"template":"","meta":{"_seopress_robots_primary_cat":"","_seopress_titles_title":"","_seopress_titles_desc":"","_seopress_robots_index":""},"product_brand":[3407],"product_cat":[5416,33],"product_tag":[3270],"class_list":{"0":"post-609253","1":"product","2":"type-product","3":"status-publish","4":"has-post-thumbnail","6":"product_brand-milwaukee","7":"product_cat-utensili-per-officina","8":"product_cat-attrezzature","9":"product_tag-import-milwau","10":"sws-conto-ricavi-merci-rivendita-macchinari-de","11":"sws-gruppo-iva-iva81-de","13":"first","14":"onbackorder","15":"sale","16":"shipping-taxable","17":"purchasable","18":"product-type-simple"},"_links":{"self":[{"href":"https:\/\/lucacastelli.com\/de\/wp-json\/wp\/v2\/product\/609253","targetHints":{"allow":["GET"]}}],"collection":[{"href":"https:\/\/lucacastelli.com\/de\/wp-json\/wp\/v2\/product"}],"about":[{"href":"https:\/\/lucacastelli.com\/de\/wp-json\/wp\/v2\/types\/product"}],"wp:featuredmedia":[{"embeddable":true,"href":"https:\/\/lucacastelli.com\/de\/wp-json\/wp\/v2\/media\/544894"}],"wp:attachment":[{"href":"https:\/\/lucacastelli.com\/de\/wp-json\/wp\/v2\/media?parent=609253"}],"wp:term":[{"taxonomy":"product_brand","embeddable":true,"href":"https:\/\/lucacastelli.com\/de\/wp-json\/wp\/v2\/product_brand?post=609253"},{"taxonomy":"product_cat","embeddable":true,"href":"https:\/\/lucacastelli.com\/de\/wp-json\/wp\/v2\/product_cat?post=609253"},{"taxonomy":"product_tag","embeddable":true,"href":"https:\/\/lucacastelli.com\/de\/wp-json\/wp\/v2\/product_tag?post=609253"}],"curies":[{"name":"wp","href":"https:\/\/api.w.org\/{rel}","templated":true}]}}