{"id":609250,"date":"2025-08-09T19:49:57","date_gmt":"2025-08-09T17:49:57","guid":{"rendered":"https:\/\/lucacastelli.com\/prodotto\/milwaukee-packout-thermogeformter-schraubendreher-und-zangensatz-10-teile\/"},"modified":"2025-08-09T19:49:57","modified_gmt":"2025-08-09T17:49:57","slug":"milwaukee-packout-thermogeformter-schraubendreher-und-zangensatz-10-teile","status":"publish","type":"product","link":"https:\/\/lucacastelli.com\/de\/produkt\/milwaukee-packout-thermogeformter-schraubendreher-und-zangensatz-10-teile\/","title":{"rendered":"Milwaukee PACKOUT thermogeformter Schraubendreher- und Zangensatz &#8211; 10 Teile"},"content":{"rendered":"<p>THERMOF PACKOUT DREH- UND ZANGE-SET<br \/>\nErgonomisches Griffdesign f\u00fcr maximalen Benutzerkomfort und ideal f\u00fcr Anwendungen mit hohem Drehmoment.;Leichte Identifizierung der Werkzeuge.;Geh\u00e4rtete Magnetspitzen sorgen f\u00fcr maximale Haltbarkeit und Halt der Befestigungsmittel.;Maximale Kraft\u00fcbertragung f\u00fcr optimale Hebelwirkung, f\u00fcr einfaches und m\u00fcheloses Arbeiten.;Soft-Touch-Kopfdesign durch abgerundete Kanten, um Handverletzungen zu vermeiden.;Premium-Schaumstoff f\u00fcr lange Haltbarkeit. Lasergeschnittene Schablonen, roter Hintergrund zur schnellen Erkennung von fehlenden Werkzeugen.<\/p>\n<p>4932493638<br \/>\n4058546485092<\/p>\n","protected":false},"excerpt":{"rendered":"<p>THERMOF PACKOUT SCHRAUBENDREHER- UND ZANGENSET<\/p>\n","protected":false},"featured_media":563012,"template":"","meta":{"_seopress_robots_primary_cat":"","_seopress_titles_title":"","_seopress_titles_desc":"","_seopress_robots_index":""},"product_brand":[3656],"product_cat":[150,5529],"product_tag":[3272],"class_list":{"0":"post-609250","1":"product","2":"type-product","3":"status-publish","4":"has-post-thumbnail","6":"product_brand-milwaukee-de","7":"product_cat-ausrustung","8":"product_cat-workshop-tools","9":"product_tag-import-milwau-de","10":"sws-conto-ricavi-merci-rivendita-macchinari-de","11":"sws-gruppo-iva-iva81-de","13":"first","14":"onbackorder","15":"sale","16":"shipping-taxable","17":"purchasable","18":"product-type-simple"},"_links":{"self":[{"href":"https:\/\/lucacastelli.com\/de\/wp-json\/wp\/v2\/product\/609250","targetHints":{"allow":["GET"]}}],"collection":[{"href":"https:\/\/lucacastelli.com\/de\/wp-json\/wp\/v2\/product"}],"about":[{"href":"https:\/\/lucacastelli.com\/de\/wp-json\/wp\/v2\/types\/product"}],"wp:featuredmedia":[{"embeddable":true,"href":"https:\/\/lucacastelli.com\/de\/wp-json\/wp\/v2\/media\/563012"}],"wp:attachment":[{"href":"https:\/\/lucacastelli.com\/de\/wp-json\/wp\/v2\/media?parent=609250"}],"wp:term":[{"taxonomy":"product_brand","embeddable":true,"href":"https:\/\/lucacastelli.com\/de\/wp-json\/wp\/v2\/product_brand?post=609250"},{"taxonomy":"product_cat","embeddable":true,"href":"https:\/\/lucacastelli.com\/de\/wp-json\/wp\/v2\/product_cat?post=609250"},{"taxonomy":"product_tag","embeddable":true,"href":"https:\/\/lucacastelli.com\/de\/wp-json\/wp\/v2\/product_tag?post=609250"}],"curies":[{"name":"wp","href":"https:\/\/api.w.org\/{rel}","templated":true}]}}