{"id":609248,"date":"2025-08-08T18:34:27","date_gmt":"2025-08-08T16:34:27","guid":{"rendered":"https:\/\/lucacastelli.com\/prodotto\/milwaukee-softform-schraubendreher-satz-4\/"},"modified":"2025-08-08T18:34:27","modified_gmt":"2025-08-08T16:34:27","slug":"milwaukee-softform-schraubendreher-satz-4","status":"publish","type":"product","link":"https:\/\/lucacastelli.com\/de\/produkt\/milwaukee-softform-schraubendreher-satz-4\/","title":{"rendered":"Milwaukee Softform-Schraubendreher-Satz"},"content":{"rendered":"<p>SOFT MODULAR CUTTING SCREW SET<br \/>\nExtrem handlicher Griff, der eine bequeme und schnelle Anwendung erm\u00f6glicht;Extrem widerstandsf\u00e4hige Spitze aus magnetischem Material;Sechskantklinge f\u00fcr den Einsatz des Schraubenschl\u00fcssels, um mehr Hebelkraft anzuwenden;Dreiseitiger Griff, damit der Schraubendreher nicht durch die H\u00e4nde rutscht. <\/p>\n<p>4932492395<br \/>\n4058546417628<\/p>\n","protected":false},"excerpt":{"rendered":"<p>SCHRAUBENDREHER-SATZ F\u00dcR WEICHE FORMEN<\/p>\n","protected":false},"featured_media":556294,"template":"","meta":{"_seopress_robots_primary_cat":"","_seopress_titles_title":"","_seopress_titles_desc":"","_seopress_robots_index":""},"product_brand":[3656],"product_cat":[150,5529],"product_tag":[3272],"class_list":{"0":"post-609248","1":"product","2":"type-product","3":"status-publish","4":"has-post-thumbnail","6":"product_brand-milwaukee-de","7":"product_cat-ausrustung","8":"product_cat-workshop-tools","9":"product_tag-import-milwau-de","10":"sws-conto-ricavi-merci-rivendita-macchinari-de","11":"sws-gruppo-iva-iva81-de","13":"first","14":"onbackorder","15":"sale","16":"shipping-taxable","17":"purchasable","18":"product-type-simple"},"_links":{"self":[{"href":"https:\/\/lucacastelli.com\/de\/wp-json\/wp\/v2\/product\/609248","targetHints":{"allow":["GET"]}}],"collection":[{"href":"https:\/\/lucacastelli.com\/de\/wp-json\/wp\/v2\/product"}],"about":[{"href":"https:\/\/lucacastelli.com\/de\/wp-json\/wp\/v2\/types\/product"}],"wp:featuredmedia":[{"embeddable":true,"href":"https:\/\/lucacastelli.com\/de\/wp-json\/wp\/v2\/media\/556294"}],"wp:attachment":[{"href":"https:\/\/lucacastelli.com\/de\/wp-json\/wp\/v2\/media?parent=609248"}],"wp:term":[{"taxonomy":"product_brand","embeddable":true,"href":"https:\/\/lucacastelli.com\/de\/wp-json\/wp\/v2\/product_brand?post=609248"},{"taxonomy":"product_cat","embeddable":true,"href":"https:\/\/lucacastelli.com\/de\/wp-json\/wp\/v2\/product_cat?post=609248"},{"taxonomy":"product_tag","embeddable":true,"href":"https:\/\/lucacastelli.com\/de\/wp-json\/wp\/v2\/product_tag?post=609248"}],"curies":[{"name":"wp","href":"https:\/\/api.w.org\/{rel}","templated":true}]}}