{"id":609239,"date":"2025-08-10T18:24:09","date_gmt":"2025-08-10T16:24:09","guid":{"rendered":"https:\/\/lucacastelli.com\/prodotto\/milwaukee-rohrzange-amerikanisches-modell-mit-verstellbarem-griff\/"},"modified":"2025-08-10T18:24:09","modified_gmt":"2025-08-10T16:24:09","slug":"milwaukee-rohrzange-amerikanisches-modell-mit-verstellbarem-griff","status":"publish","type":"product","link":"https:\/\/lucacastelli.com\/de\/produkt\/milwaukee-rohrzange-amerikanisches-modell-mit-verstellbarem-griff\/","title":{"rendered":"Milwaukee Rohrzange amerikanisches Modell mit verstellbarem Griff"},"content":{"rendered":"<p>Cheater Alu. Verstellbare Rohrzange<br \/>\nVerstellbarer Schiebehebel bis zu 600 mm;250 mm langer abnehmbarer Hebel f\u00fcr den Zugang zu engen Stellen;Leichteres Gewicht dank Aluminiumk\u00f6rper;Breite Backe f\u00fcr sicheren Halt an Rohren und Fittings;Ergonomischer Griff f\u00fcr maximalen Komfort;Verst\u00e4rkte Backen f\u00fcr l\u00e4ngere Lebensdauer und besseren Halt <\/p>\n<p>4932478672<br \/>\n4058546348656<\/p>\n","protected":false},"excerpt":{"rendered":"<p>Cheater Alu. Verstellbare Rohrzange <\/p>\n","protected":false},"featured_media":550526,"template":"","meta":{"_seopress_robots_primary_cat":"","_seopress_titles_title":"","_seopress_titles_desc":"","_seopress_robots_index":""},"product_brand":[3407],"product_cat":[5416,33],"product_tag":[3270],"class_list":{"0":"post-609239","1":"product","2":"type-product","3":"status-publish","4":"has-post-thumbnail","6":"product_brand-milwaukee","7":"product_cat-utensili-per-officina","8":"product_cat-attrezzature","9":"product_tag-import-milwau","10":"sws-conto-ricavi-merci-rivendita-macchinari-de","11":"sws-gruppo-iva-iva81-de","13":"first","14":"onbackorder","15":"sale","16":"shipping-taxable","17":"purchasable","18":"product-type-simple"},"_links":{"self":[{"href":"https:\/\/lucacastelli.com\/de\/wp-json\/wp\/v2\/product\/609239","targetHints":{"allow":["GET"]}}],"collection":[{"href":"https:\/\/lucacastelli.com\/de\/wp-json\/wp\/v2\/product"}],"about":[{"href":"https:\/\/lucacastelli.com\/de\/wp-json\/wp\/v2\/types\/product"}],"wp:featuredmedia":[{"embeddable":true,"href":"https:\/\/lucacastelli.com\/de\/wp-json\/wp\/v2\/media\/550526"}],"wp:attachment":[{"href":"https:\/\/lucacastelli.com\/de\/wp-json\/wp\/v2\/media?parent=609239"}],"wp:term":[{"taxonomy":"product_brand","embeddable":true,"href":"https:\/\/lucacastelli.com\/de\/wp-json\/wp\/v2\/product_brand?post=609239"},{"taxonomy":"product_cat","embeddable":true,"href":"https:\/\/lucacastelli.com\/de\/wp-json\/wp\/v2\/product_cat?post=609239"},{"taxonomy":"product_tag","embeddable":true,"href":"https:\/\/lucacastelli.com\/de\/wp-json\/wp\/v2\/product_tag?post=609239"}],"curies":[{"name":"wp","href":"https:\/\/api.w.org\/{rel}","templated":true}]}}