{"id":609236,"date":"2025-08-07T14:50:57","date_gmt":"2025-08-07T12:50:57","guid":{"rendered":"https:\/\/lucacastelli.com\/prodotto\/milwaukee-isolierte-schraubendreher-1000v-30\/"},"modified":"2025-08-07T14:50:57","modified_gmt":"2025-08-07T12:50:57","slug":"milwaukee-isolierte-schraubendreher-1000v-30","status":"publish","type":"product","link":"https:\/\/lucacastelli.com\/de\/produkt\/milwaukee-isolierte-schraubendreher-1000v-30\/","title":{"rendered":"Milwaukee Isolierte Schraubendreher 1000V"},"content":{"rendered":"<p>Isolierte Schraubendreher 1000V<br \/>\nINSOLIERTE SCHRAUBE T27 x 100<br \/>\nGepr\u00fcft bis zu 10.000V und garantiert bis zu 1.000V;Schlanker Durchmesser f\u00fcr den Zugang zu Anwendungen in engen R\u00e4umen;Komfortabler 3-seitiger Griff, optimiert f\u00fcr maximalen Benutzerkomfort und Anwendungen mit hohem Drehmoment;Lasergravur auf der Oberseite f\u00fcr eine schnelle Modellidentifikation;3-seitiges Anti-Roll-Design f\u00fcr eine bessere Kraft\u00fcbertragung;Loch zum Befestigen des Schraubendrehers an Sicherheitsb\u00e4ndern<\/p>\n<p> 4058546528553<\/p>\n","protected":false},"excerpt":{"rendered":"<p>Isolierte Schraube T27 x 100<\/p>\n","protected":false},"featured_media":593690,"template":"","meta":{"_seopress_robots_primary_cat":"","_seopress_titles_title":"","_seopress_titles_desc":"","_seopress_robots_index":""},"product_brand":[3407],"product_cat":[5416,33],"product_tag":[3270],"class_list":{"0":"post-609236","1":"product","2":"type-product","3":"status-publish","4":"has-post-thumbnail","6":"product_brand-milwaukee","7":"product_cat-utensili-per-officina","8":"product_cat-attrezzature","9":"product_tag-import-milwau","10":"sws-conto-ricavi-merci-rivendita-macchinari-de","11":"sws-gruppo-iva-iva81-de","13":"first","14":"onbackorder","15":"shipping-taxable","16":"purchasable","17":"product-type-simple"},"_links":{"self":[{"href":"https:\/\/lucacastelli.com\/de\/wp-json\/wp\/v2\/product\/609236","targetHints":{"allow":["GET"]}}],"collection":[{"href":"https:\/\/lucacastelli.com\/de\/wp-json\/wp\/v2\/product"}],"about":[{"href":"https:\/\/lucacastelli.com\/de\/wp-json\/wp\/v2\/types\/product"}],"wp:featuredmedia":[{"embeddable":true,"href":"https:\/\/lucacastelli.com\/de\/wp-json\/wp\/v2\/media\/593690"}],"wp:attachment":[{"href":"https:\/\/lucacastelli.com\/de\/wp-json\/wp\/v2\/media?parent=609236"}],"wp:term":[{"taxonomy":"product_brand","embeddable":true,"href":"https:\/\/lucacastelli.com\/de\/wp-json\/wp\/v2\/product_brand?post=609236"},{"taxonomy":"product_cat","embeddable":true,"href":"https:\/\/lucacastelli.com\/de\/wp-json\/wp\/v2\/product_cat?post=609236"},{"taxonomy":"product_tag","embeddable":true,"href":"https:\/\/lucacastelli.com\/de\/wp-json\/wp\/v2\/product_tag?post=609236"}],"curies":[{"name":"wp","href":"https:\/\/api.w.org\/{rel}","templated":true}]}}