{"id":609220,"date":"2025-08-06T18:16:37","date_gmt":"2025-08-06T16:16:37","guid":{"rendered":"https:\/\/lucacastelli.com\/prodotto\/milwaukee-schraubendreher-23\/"},"modified":"2025-08-06T18:16:37","modified_gmt":"2025-08-06T16:16:37","slug":"milwaukee-schraubendreher-23","status":"publish","type":"product","link":"https:\/\/lucacastelli.com\/de\/produkt\/milwaukee-schraubendreher-23\/","title":{"rendered":"Milwaukee Schraubendreher"},"content":{"rendered":"<p>KURZSCHRAUBENDREHER SERIE &#8211; 2 PZ<br \/>\nExtrem handlicher Griff, der es erm\u00f6glicht, den Schraubendreher bei Anwendungen schnell und bequem zu benutzen;Deutlich sichtbare Kennzeichnungen, um den Schraubendreher jederzeit leicht identifizieren zu k\u00f6nnen;Loch zum Befestigen des Schraubendrehers an Sicherheitsschn\u00fcren;Spitze aus extrem haltbarem und praktischem magnetischem Material;Dreiseitiger Griff, damit der Schraubendreher nicht durch die H\u00e4nde rutscht;Sechskantklinge f\u00fcr den Einsatz des Schraubenschl\u00fcssels, um mehr Hebelkraft anzuwenden<\/p>\n<p>4932471810<br \/>\n4058546297091<\/p>\n","protected":false},"excerpt":{"rendered":"<p>KURZER SCHRAUBENDREHER-SATZ &#8211; 2 ST.<\/p>\n","protected":false},"featured_media":537926,"template":"","meta":{"_seopress_robots_primary_cat":"","_seopress_titles_title":"","_seopress_titles_desc":"","_seopress_robots_index":""},"product_brand":[3407],"product_cat":[5416,33,537],"product_tag":[3270],"class_list":{"0":"post-609220","1":"product","2":"type-product","3":"status-publish","4":"has-post-thumbnail","6":"product_brand-milwaukee","7":"product_cat-utensili-per-officina","8":"product_cat-attrezzature","9":"product_cat-attrezzatura-da-lavoro","10":"product_tag-import-milwau","11":"sws-conto-ricavi-merci-rivendita-macchinari-de","12":"sws-gruppo-iva-iva81-de","14":"first","15":"onbackorder","16":"shipping-taxable","17":"purchasable","18":"product-type-simple"},"_links":{"self":[{"href":"https:\/\/lucacastelli.com\/de\/wp-json\/wp\/v2\/product\/609220","targetHints":{"allow":["GET"]}}],"collection":[{"href":"https:\/\/lucacastelli.com\/de\/wp-json\/wp\/v2\/product"}],"about":[{"href":"https:\/\/lucacastelli.com\/de\/wp-json\/wp\/v2\/types\/product"}],"wp:featuredmedia":[{"embeddable":true,"href":"https:\/\/lucacastelli.com\/de\/wp-json\/wp\/v2\/media\/537926"}],"wp:attachment":[{"href":"https:\/\/lucacastelli.com\/de\/wp-json\/wp\/v2\/media?parent=609220"}],"wp:term":[{"taxonomy":"product_brand","embeddable":true,"href":"https:\/\/lucacastelli.com\/de\/wp-json\/wp\/v2\/product_brand?post=609220"},{"taxonomy":"product_cat","embeddable":true,"href":"https:\/\/lucacastelli.com\/de\/wp-json\/wp\/v2\/product_cat?post=609220"},{"taxonomy":"product_tag","embeddable":true,"href":"https:\/\/lucacastelli.com\/de\/wp-json\/wp\/v2\/product_tag?post=609220"}],"curies":[{"name":"wp","href":"https:\/\/api.w.org\/{rel}","templated":true}]}}