{"id":609194,"date":"2025-08-06T18:16:07","date_gmt":"2025-08-06T16:16:07","guid":{"rendered":"https:\/\/lucacastelli.com\/prodotto\/milwaukee-schraubendreher-16\/"},"modified":"2025-08-06T18:16:07","modified_gmt":"2025-08-06T16:16:07","slug":"milwaukee-schraubendreher-16","status":"publish","type":"product","link":"https:\/\/lucacastelli.com\/de\/produkt\/milwaukee-schraubendreher-16\/","title":{"rendered":"Milwaukee Schraubendreher"},"content":{"rendered":"<p>SCHRAUBE SCHRAUBE PZ3x150 1St.<br \/>\nExtrem handlicher Griff, der es erm\u00f6glicht, den Schraubendreher bei der Anwendung bequem und schnell zu benutzen;Kennzeichnungen immer gut sichtbar, um den Schraubendreher leicht zu identifizieren;Loch zur Befestigung des Schraubendrehers an Sicherheitsschn\u00fcren;Spitze aus extrem haltbarem und praktischem magnetischem Material;Dreiseitiger Griff, damit der Schraubendreher nicht durch die H\u00e4nde rutscht;Sechskantklinge f\u00fcr den Einsatz des Schraubenschl\u00fcssels zur Anwendung einer gr\u00f6\u00dferen Hebelwirkung<\/p>\n<p>4932471794<\/p>\n","protected":false},"excerpt":{"rendered":"<p>SCHRAUBE PZ3x150 1Stk.<\/p>\n","protected":false},"featured_media":537853,"template":"","meta":{"_seopress_robots_primary_cat":"","_seopress_titles_title":"","_seopress_titles_desc":"","_seopress_robots_index":""},"product_brand":[3407],"product_cat":[5416,33,537],"product_tag":[3270],"class_list":{"0":"post-609194","1":"product","2":"type-product","3":"status-publish","4":"has-post-thumbnail","6":"product_brand-milwaukee","7":"product_cat-utensili-per-officina","8":"product_cat-attrezzature","9":"product_cat-attrezzatura-da-lavoro","10":"product_tag-import-milwau","11":"sws-conto-ricavi-merci-rivendita-macchinari-de","12":"sws-gruppo-iva-iva81-de","14":"first","15":"onbackorder","16":"shipping-taxable","17":"purchasable","18":"product-type-simple"},"_links":{"self":[{"href":"https:\/\/lucacastelli.com\/de\/wp-json\/wp\/v2\/product\/609194","targetHints":{"allow":["GET"]}}],"collection":[{"href":"https:\/\/lucacastelli.com\/de\/wp-json\/wp\/v2\/product"}],"about":[{"href":"https:\/\/lucacastelli.com\/de\/wp-json\/wp\/v2\/types\/product"}],"wp:featuredmedia":[{"embeddable":true,"href":"https:\/\/lucacastelli.com\/de\/wp-json\/wp\/v2\/media\/537853"}],"wp:attachment":[{"href":"https:\/\/lucacastelli.com\/de\/wp-json\/wp\/v2\/media?parent=609194"}],"wp:term":[{"taxonomy":"product_brand","embeddable":true,"href":"https:\/\/lucacastelli.com\/de\/wp-json\/wp\/v2\/product_brand?post=609194"},{"taxonomy":"product_cat","embeddable":true,"href":"https:\/\/lucacastelli.com\/de\/wp-json\/wp\/v2\/product_cat?post=609194"},{"taxonomy":"product_tag","embeddable":true,"href":"https:\/\/lucacastelli.com\/de\/wp-json\/wp\/v2\/product_tag?post=609194"}],"curies":[{"name":"wp","href":"https:\/\/api.w.org\/{rel}","templated":true}]}}