{"id":609157,"date":"2025-08-06T18:15:47","date_gmt":"2025-08-06T16:15:47","guid":{"rendered":"https:\/\/lucacastelli.com\/prodotto\/milwaukee-schraubendreher-7\/"},"modified":"2025-08-06T18:15:47","modified_gmt":"2025-08-06T16:15:47","slug":"milwaukee-schraubendreher-7","status":"publish","type":"product","link":"https:\/\/lucacastelli.com\/de\/produkt\/milwaukee-schraubendreher-7\/","title":{"rendered":"Milwaukee Schraubendreher"},"content":{"rendered":"<p>SCHRAUBENDREHER 0,6&#215;3,5&#215;100 1St.<br \/>\nExtrem handlicher Griff, der eine schnelle und bequeme Anwendung erm\u00f6glicht;Kennzeichnungen immer gut sichtbar, um den Schraubendreher leicht zu identifizieren;<br \/>\nLoch zum Befestigen des Schraubendrehers an Sicherheitsschn\u00fcren;Spitze aus extrem haltbarem und praktischem magnetischem Material;Dreiseitiger Griff, damit der Schraubendreher nicht durch die H\u00e4nde rutscht;Sechskantklinge f\u00fcr den Einsatz des Schraubenschl\u00fcssels, um mehr Hebelkraft anzuwenden<\/p>\n<p>4932471777<\/p>\n","protected":false},"excerpt":{"rendered":"<p>SCHNEIDESCHRAUBE 0,6&#215;3,5&#215;100 1St.<\/p>\n","protected":false},"featured_media":537764,"template":"","meta":{"_seopress_robots_primary_cat":"","_seopress_titles_title":"","_seopress_titles_desc":"","_seopress_robots_index":""},"product_brand":[3656],"product_cat":[5529,150,1396],"product_tag":[3272],"class_list":{"0":"post-609157","1":"product","2":"type-product","3":"status-publish","4":"has-post-thumbnail","6":"product_brand-milwaukee-de","7":"product_cat-workshop-tools","8":"product_cat-ausrustung","9":"product_cat-arbeitsausrustung","10":"product_tag-import-milwau-de","11":"sws-conto-ricavi-merci-rivendita-macchinari-de","12":"sws-gruppo-iva-iva81-de","14":"first","15":"onbackorder","16":"shipping-taxable","17":"purchasable","18":"product-type-simple"},"_links":{"self":[{"href":"https:\/\/lucacastelli.com\/de\/wp-json\/wp\/v2\/product\/609157","targetHints":{"allow":["GET"]}}],"collection":[{"href":"https:\/\/lucacastelli.com\/de\/wp-json\/wp\/v2\/product"}],"about":[{"href":"https:\/\/lucacastelli.com\/de\/wp-json\/wp\/v2\/types\/product"}],"wp:featuredmedia":[{"embeddable":true,"href":"https:\/\/lucacastelli.com\/de\/wp-json\/wp\/v2\/media\/537764"}],"wp:attachment":[{"href":"https:\/\/lucacastelli.com\/de\/wp-json\/wp\/v2\/media?parent=609157"}],"wp:term":[{"taxonomy":"product_brand","embeddable":true,"href":"https:\/\/lucacastelli.com\/de\/wp-json\/wp\/v2\/product_brand?post=609157"},{"taxonomy":"product_cat","embeddable":true,"href":"https:\/\/lucacastelli.com\/de\/wp-json\/wp\/v2\/product_cat?post=609157"},{"taxonomy":"product_tag","embeddable":true,"href":"https:\/\/lucacastelli.com\/de\/wp-json\/wp\/v2\/product_tag?post=609157"}],"curies":[{"name":"wp","href":"https:\/\/api.w.org\/{rel}","templated":true}]}}