{"id":609138,"date":"2025-08-10T18:24:26","date_gmt":"2025-08-10T16:24:26","guid":{"rendered":"https:\/\/lucacastelli.com\/prodotto\/milwaukee-hohlschlitzschraubendreher-nicht-magnetisch-6\/"},"modified":"2025-08-10T18:24:26","modified_gmt":"2025-08-10T16:24:26","slug":"milwaukee-hohlschlitzschraubendreher-nicht-magnetisch-6","status":"publish","type":"product","link":"https:\/\/lucacastelli.com\/de\/produkt\/milwaukee-hohlschlitzschraubendreher-nicht-magnetisch-6\/","title":{"rendered":"Milwaukee Hohlschlitzschraubendreher &#8211; NICHT magnetisch"},"content":{"rendered":"<p>7mm HollowCore Nussknacker<br \/>\nSteckschl\u00fcssel mit Durchgangsbohrung &#8211; ideal f\u00fcr lange Bolzen und Gewindestangen;Innensechskant f\u00fcr idealen Halt bei allen g\u00e4ngigen Schraubverbindungen;Klinge mit Sechskantschaft f\u00fcr einfaches Einsetzen eines Ratschenschl\u00fcssels;Tri Lobe Griff f\u00fcr hohen Benutzerkomfort;Farbcodierung und Gr\u00f6\u00dfenmarkierung am Griffende zur einfachen Unterscheidung<\/p>\n<p>4932492368<br \/>\n4058546417352<\/p>\n","protected":false},"excerpt":{"rendered":"<p>7mm HollowCore Mutterndreher<\/p>\n","protected":false},"featured_media":556094,"template":"","meta":{"_seopress_robots_primary_cat":"","_seopress_titles_title":"","_seopress_titles_desc":"","_seopress_robots_index":""},"product_brand":[3407],"product_cat":[5416,33],"product_tag":[3270],"class_list":{"0":"post-609138","1":"product","2":"type-product","3":"status-publish","4":"has-post-thumbnail","6":"product_brand-milwaukee","7":"product_cat-utensili-per-officina","8":"product_cat-attrezzature","9":"product_tag-import-milwau","10":"sws-conto-ricavi-merci-rivendita-macchinari-de","11":"sws-gruppo-iva-iva81-de","13":"first","14":"onbackorder","15":"sale","16":"shipping-taxable","17":"purchasable","18":"product-type-simple"},"_links":{"self":[{"href":"https:\/\/lucacastelli.com\/de\/wp-json\/wp\/v2\/product\/609138","targetHints":{"allow":["GET"]}}],"collection":[{"href":"https:\/\/lucacastelli.com\/de\/wp-json\/wp\/v2\/product"}],"about":[{"href":"https:\/\/lucacastelli.com\/de\/wp-json\/wp\/v2\/types\/product"}],"wp:featuredmedia":[{"embeddable":true,"href":"https:\/\/lucacastelli.com\/de\/wp-json\/wp\/v2\/media\/556094"}],"wp:attachment":[{"href":"https:\/\/lucacastelli.com\/de\/wp-json\/wp\/v2\/media?parent=609138"}],"wp:term":[{"taxonomy":"product_brand","embeddable":true,"href":"https:\/\/lucacastelli.com\/de\/wp-json\/wp\/v2\/product_brand?post=609138"},{"taxonomy":"product_cat","embeddable":true,"href":"https:\/\/lucacastelli.com\/de\/wp-json\/wp\/v2\/product_cat?post=609138"},{"taxonomy":"product_tag","embeddable":true,"href":"https:\/\/lucacastelli.com\/de\/wp-json\/wp\/v2\/product_tag?post=609138"}],"curies":[{"name":"wp","href":"https:\/\/api.w.org\/{rel}","templated":true}]}}