{"id":609105,"date":"2025-08-08T18:34:25","date_gmt":"2025-08-08T16:34:25","guid":{"rendered":"https:\/\/lucacastelli.com\/prodotto\/milwaukee-softform-schraubendreher-satz-3\/"},"modified":"2025-08-08T18:34:25","modified_gmt":"2025-08-08T16:34:25","slug":"milwaukee-softform-schraubendreher-satz-3","status":"publish","type":"product","link":"https:\/\/lucacastelli.com\/de\/produkt\/milwaukee-softform-schraubendreher-satz-3\/","title":{"rendered":"Milwaukee Softform-Schraubendreher-Satz"},"content":{"rendered":"<p>PHILIPS MODULO MORBIDO SCHRAUBENDREHER-SET<br \/>\nExtrem handlicher Griff, der eine bequeme und schnelle Anwendung erm\u00f6glicht;Extrem widerstandsf\u00e4hige Spitze aus magnetischem Material;Sechskantklinge f\u00fcr den Einsatz des Schraubenschl\u00fcssels, um mehr Hebelkraft anzuwenden;Dreiseitiger Griff, damit der Schraubendreher nicht durch die H\u00e4nde rutscht. <\/p>\n<p>4932492393<br \/>\n4058546417604<\/p>\n","protected":false},"excerpt":{"rendered":"<p>PHILIPS SOFT MODULE SCHRAUBENDREHER SET<\/p>\n","protected":false},"featured_media":599650,"template":"","meta":{"_seopress_robots_primary_cat":"","_seopress_titles_title":"","_seopress_titles_desc":"","_seopress_robots_index":""},"product_brand":[3407],"product_cat":[5416,33],"product_tag":[3270],"class_list":{"0":"post-609105","1":"product","2":"type-product","3":"status-publish","4":"has-post-thumbnail","6":"product_brand-milwaukee","7":"product_cat-utensili-per-officina","8":"product_cat-attrezzature","9":"product_tag-import-milwau","10":"sws-conto-ricavi-merci-rivendita-macchinari-de","11":"sws-gruppo-iva-iva81-de","13":"first","14":"onbackorder","15":"sale","16":"shipping-taxable","17":"purchasable","18":"product-type-simple"},"_links":{"self":[{"href":"https:\/\/lucacastelli.com\/de\/wp-json\/wp\/v2\/product\/609105","targetHints":{"allow":["GET"]}}],"collection":[{"href":"https:\/\/lucacastelli.com\/de\/wp-json\/wp\/v2\/product"}],"about":[{"href":"https:\/\/lucacastelli.com\/de\/wp-json\/wp\/v2\/types\/product"}],"wp:featuredmedia":[{"embeddable":true,"href":"https:\/\/lucacastelli.com\/de\/wp-json\/wp\/v2\/media\/599650"}],"wp:attachment":[{"href":"https:\/\/lucacastelli.com\/de\/wp-json\/wp\/v2\/media?parent=609105"}],"wp:term":[{"taxonomy":"product_brand","embeddable":true,"href":"https:\/\/lucacastelli.com\/de\/wp-json\/wp\/v2\/product_brand?post=609105"},{"taxonomy":"product_cat","embeddable":true,"href":"https:\/\/lucacastelli.com\/de\/wp-json\/wp\/v2\/product_cat?post=609105"},{"taxonomy":"product_tag","embeddable":true,"href":"https:\/\/lucacastelli.com\/de\/wp-json\/wp\/v2\/product_tag?post=609105"}],"curies":[{"name":"wp","href":"https:\/\/api.w.org\/{rel}","templated":true}]}}