{"id":609100,"date":"2025-08-10T18:24:07","date_gmt":"2025-08-10T16:24:07","guid":{"rendered":"https:\/\/lucacastelli.com\/prodotto\/milwaukee-rohrzange-mit-s-mund\/"},"modified":"2025-08-10T18:24:07","modified_gmt":"2025-08-10T16:24:07","slug":"milwaukee-rohrzange-mit-s-mund","status":"publish","type":"product","link":"https:\/\/lucacastelli.com\/de\/produkt\/milwaukee-rohrzange-mit-s-mund\/","title":{"rendered":"Milwaukee Rohrzange mit &#8220;S&#8221;-Mund"},"content":{"rendered":"<p>S-SHAPED Rohrzange 430mm<br \/>\nHergestellt aus Chrom-Vanadium-Stahl mit H\u00e4rtung nach DIN 5234;Schlankes Design mit S-f\u00f6rmigen Backen, die um 45\u00b0 geneigt sind, um in engen R\u00e4umen besser eingesetzt werden zu k\u00f6nnen;Asymmetrische Backen f\u00fcr maximalen Halt;Griff f\u00fcr maximalen Komfort<\/p>\n<p>4932464577<br \/>\n4058546225223<\/p>\n","protected":false},"excerpt":{"rendered":"<p>S-BOOM Rohrzange 430mm<\/p>\n","protected":false},"featured_media":601031,"template":"","meta":{"_seopress_robots_primary_cat":"","_seopress_titles_title":"","_seopress_titles_desc":"","_seopress_robots_index":""},"product_brand":[3407],"product_cat":[5416,33],"product_tag":[3270],"class_list":{"0":"post-609100","1":"product","2":"type-product","3":"status-publish","4":"has-post-thumbnail","6":"product_brand-milwaukee","7":"product_cat-utensili-per-officina","8":"product_cat-attrezzature","9":"product_tag-import-milwau","10":"sws-conto-ricavi-merci-rivendita-macchinari-de","11":"sws-gruppo-iva-iva81-de","13":"first","14":"onbackorder","15":"sale","16":"shipping-taxable","17":"purchasable","18":"product-type-simple"},"_links":{"self":[{"href":"https:\/\/lucacastelli.com\/de\/wp-json\/wp\/v2\/product\/609100","targetHints":{"allow":["GET"]}}],"collection":[{"href":"https:\/\/lucacastelli.com\/de\/wp-json\/wp\/v2\/product"}],"about":[{"href":"https:\/\/lucacastelli.com\/de\/wp-json\/wp\/v2\/types\/product"}],"wp:featuredmedia":[{"embeddable":true,"href":"https:\/\/lucacastelli.com\/de\/wp-json\/wp\/v2\/media\/601031"}],"wp:attachment":[{"href":"https:\/\/lucacastelli.com\/de\/wp-json\/wp\/v2\/media?parent=609100"}],"wp:term":[{"taxonomy":"product_brand","embeddable":true,"href":"https:\/\/lucacastelli.com\/de\/wp-json\/wp\/v2\/product_brand?post=609100"},{"taxonomy":"product_cat","embeddable":true,"href":"https:\/\/lucacastelli.com\/de\/wp-json\/wp\/v2\/product_cat?post=609100"},{"taxonomy":"product_tag","embeddable":true,"href":"https:\/\/lucacastelli.com\/de\/wp-json\/wp\/v2\/product_tag?post=609100"}],"curies":[{"name":"wp","href":"https:\/\/api.w.org\/{rel}","templated":true}]}}