{"id":609099,"date":"2025-08-08T18:34:24","date_gmt":"2025-08-08T16:34:24","guid":{"rendered":"https:\/\/lucacastelli.com\/prodotto\/milwaukee-softform-schraubendreher-satz-2\/"},"modified":"2025-08-08T18:34:24","modified_gmt":"2025-08-08T16:34:24","slug":"milwaukee-softform-schraubendreher-satz-2","status":"publish","type":"product","link":"https:\/\/lucacastelli.com\/de\/produkt\/milwaukee-softform-schraubendreher-satz-2\/","title":{"rendered":"Milwaukee Softform-Schraubendreher-Satz"},"content":{"rendered":"<p>TORX SCREW WRENWITCH SET No. 2 MORBID MODULE<br \/>\nExtrem handlicher Griff, der eine bequeme und schnelle Anwendung erm\u00f6glicht;Extrem widerstandsf\u00e4hige Spitze aus magnetischem Material;Sechskantklinge, um den Schraubenschl\u00fcssel f\u00fcr eine gr\u00f6\u00dfere Hebelwirkung einsetzen zu k\u00f6nnen;Dreiseitiger Griff, damit der Schraubendreher nicht durch die H\u00e4nde rutscht. <\/p>\n<p>4932492392<br \/>\n4058546417598<\/p>\n","protected":false},"excerpt":{"rendered":"<p>TORX-SCHRAUBENDREHER-SATZ NR. 2 WEICHE FORM<\/p>\n","protected":false},"featured_media":556267,"template":"","meta":{"_seopress_robots_primary_cat":"","_seopress_titles_title":"","_seopress_titles_desc":"","_seopress_robots_index":""},"product_brand":[3407],"product_cat":[5416,33],"product_tag":[3270],"class_list":{"0":"post-609099","1":"product","2":"type-product","3":"status-publish","4":"has-post-thumbnail","6":"product_brand-milwaukee","7":"product_cat-utensili-per-officina","8":"product_cat-attrezzature","9":"product_tag-import-milwau","10":"sws-conto-ricavi-merci-rivendita-macchinari-de","11":"sws-gruppo-iva-iva81-de","13":"first","14":"onbackorder","15":"sale","16":"shipping-taxable","17":"purchasable","18":"product-type-simple"},"_links":{"self":[{"href":"https:\/\/lucacastelli.com\/de\/wp-json\/wp\/v2\/product\/609099","targetHints":{"allow":["GET"]}}],"collection":[{"href":"https:\/\/lucacastelli.com\/de\/wp-json\/wp\/v2\/product"}],"about":[{"href":"https:\/\/lucacastelli.com\/de\/wp-json\/wp\/v2\/types\/product"}],"wp:featuredmedia":[{"embeddable":true,"href":"https:\/\/lucacastelli.com\/de\/wp-json\/wp\/v2\/media\/556267"}],"wp:attachment":[{"href":"https:\/\/lucacastelli.com\/de\/wp-json\/wp\/v2\/media?parent=609099"}],"wp:term":[{"taxonomy":"product_brand","embeddable":true,"href":"https:\/\/lucacastelli.com\/de\/wp-json\/wp\/v2\/product_brand?post=609099"},{"taxonomy":"product_cat","embeddable":true,"href":"https:\/\/lucacastelli.com\/de\/wp-json\/wp\/v2\/product_cat?post=609099"},{"taxonomy":"product_tag","embeddable":true,"href":"https:\/\/lucacastelli.com\/de\/wp-json\/wp\/v2\/product_tag?post=609099"}],"curies":[{"name":"wp","href":"https:\/\/api.w.org\/{rel}","templated":true}]}}