{"id":609095,"date":"2025-08-08T18:34:22","date_gmt":"2025-08-08T16:34:22","guid":{"rendered":"https:\/\/lucacastelli.com\/prodotto\/milwaukee-1000v-isolierter-schraubendrehersatz-im-softmodul\/"},"modified":"2025-08-08T18:34:22","modified_gmt":"2025-08-08T16:34:22","slug":"milwaukee-1000v-isolierter-schraubendrehersatz-im-softmodul","status":"publish","type":"product","link":"https:\/\/lucacastelli.com\/de\/produkt\/milwaukee-1000v-isolierter-schraubendrehersatz-im-softmodul\/","title":{"rendered":"Milwaukee 1000V isolierter Schraubendrehersatz im Softmodul"},"content":{"rendered":"<p>1000V MOD MORBIDO INSULATED SWIVEL SET<br \/>\nGepr\u00fcft bis 10.000V und garantiert bis 1.000V;Schlanker Durchmesser f\u00fcr den Zugang zu Anwendungen in engen R\u00e4umen;Komfortabler dreiseitiger Griff, optimiert f\u00fcr maximalen Benutzerkomfort und Anwendungen mit hohem Drehmoment;Lasergravur auf der Oberseite zur schnellen Modellidentifikation<\/p>\n<p>4932493249<br \/>\n4058546481209<\/p>\n","protected":false},"excerpt":{"rendered":"<p>ISOLIERTER SCHRAUBENDREHER-SATZ 1000V SOFT MOD.<\/p>\n","protected":false},"featured_media":561831,"template":"","meta":{"_seopress_robots_primary_cat":"","_seopress_titles_title":"","_seopress_titles_desc":"","_seopress_robots_index":""},"product_brand":[3407],"product_cat":[5416,33],"product_tag":[3270],"class_list":{"0":"post-609095","1":"product","2":"type-product","3":"status-publish","4":"has-post-thumbnail","6":"product_brand-milwaukee","7":"product_cat-utensili-per-officina","8":"product_cat-attrezzature","9":"product_tag-import-milwau","10":"sws-conto-ricavi-merci-rivendita-macchinari-de","11":"sws-gruppo-iva-iva81-de","13":"first","14":"onbackorder","15":"sale","16":"shipping-taxable","17":"purchasable","18":"product-type-simple"},"_links":{"self":[{"href":"https:\/\/lucacastelli.com\/de\/wp-json\/wp\/v2\/product\/609095","targetHints":{"allow":["GET"]}}],"collection":[{"href":"https:\/\/lucacastelli.com\/de\/wp-json\/wp\/v2\/product"}],"about":[{"href":"https:\/\/lucacastelli.com\/de\/wp-json\/wp\/v2\/types\/product"}],"wp:featuredmedia":[{"embeddable":true,"href":"https:\/\/lucacastelli.com\/de\/wp-json\/wp\/v2\/media\/561831"}],"wp:attachment":[{"href":"https:\/\/lucacastelli.com\/de\/wp-json\/wp\/v2\/media?parent=609095"}],"wp:term":[{"taxonomy":"product_brand","embeddable":true,"href":"https:\/\/lucacastelli.com\/de\/wp-json\/wp\/v2\/product_brand?post=609095"},{"taxonomy":"product_cat","embeddable":true,"href":"https:\/\/lucacastelli.com\/de\/wp-json\/wp\/v2\/product_cat?post=609095"},{"taxonomy":"product_tag","embeddable":true,"href":"https:\/\/lucacastelli.com\/de\/wp-json\/wp\/v2\/product_tag?post=609095"}],"curies":[{"name":"wp","href":"https:\/\/api.w.org\/{rel}","templated":true}]}}