{"id":609003,"date":"2025-08-14T07:30:18","date_gmt":"2025-08-14T05:30:18","guid":{"rendered":"https:\/\/lucacastelli.com\/prodotto\/protos-integraler-laermschutz-graubuenden\/"},"modified":"2026-04-15T10:16:00","modified_gmt":"2026-04-15T08:16:00","slug":"protos-integraler-laermschutz-graubuenden","status":"publish","type":"product","link":"https:\/\/lucacastelli.com\/de\/produkt\/protos-integraler-laermschutz-graubuenden\/","title":{"rendered":"Protos\u00ae Integral Geh\u00f6rschutzkapsel &#8211; Graub\u00fcnden"},"content":{"rendered":"<p>Der patentierte Geh\u00f6rschutz von Protos\u00ae Integral bietet eine L\u00e4rmreduzierung von SNR = 27 dB und gew\u00e4hrleistet so ein hohes Mass an Sicherheit. Dank der Konformit\u00e4t mit der Norm EN 352-3 ist der Geh\u00f6rschutz bei allen Arbeiten mit st\u00f6rendem oder gesundheitssch\u00e4dlichem L\u00e4rm unverzichtbar. Wenn der Geh\u00f6rschutz nicht ben\u00f6tigt wird, kann er mit zwei Fingern leicht von der Aktiv- in die Passivstellung bewegt werden. Der Geh\u00f6rschutz l\u00e4sst sich mit drei Fingern kinderleicht an- und abclipsen.<br \/>\n-D\u00e4mmwert: SNR = 27 dB (H = 34 dB, M = 24 dB, L = 17 dB)<br \/>\nWeitere Motive auf Anfrage<br \/>\nLieferzeit bis zu 6 Wochen   <\/p>\n","protected":false},"excerpt":{"rendered":"<p>Der patentierte Geh\u00f6rschutz von Protos\u00ae Integral bietet eine L\u00e4rmreduzierung von SNR = 27 dB und gew\u00e4hrleistet so ein hohes Mass<\/p>\n","protected":false},"featured_media":608510,"template":"","meta":{"_seopress_robots_primary_cat":"none","_seopress_titles_title":"","_seopress_titles_desc":"","_seopress_robots_index":""},"product_brand":[3458,4381],"product_cat":[33,537,815],"product_tag":[],"class_list":{"0":"post-609003","1":"product","2":"type-product","3":"status-publish","4":"has-post-thumbnail","6":"product_brand-pfanner","7":"product_brand-protos","8":"product_cat-attrezzature","9":"product_cat-attrezzatura-da-lavoro","10":"product_cat-caschi","11":"sws-gruppo-no-gruppo-de","12":"sws-categoria-sito-de","13":"sws-conto-ricavi-merci-rivendita-abbigliamento-de","14":"sws-gruppo-iva-iva81-de","16":"first","17":"instock","18":"shipping-taxable","19":"purchasable","20":"product-type-simple"},"_links":{"self":[{"href":"https:\/\/lucacastelli.com\/de\/wp-json\/wp\/v2\/product\/609003","targetHints":{"allow":["GET"]}}],"collection":[{"href":"https:\/\/lucacastelli.com\/de\/wp-json\/wp\/v2\/product"}],"about":[{"href":"https:\/\/lucacastelli.com\/de\/wp-json\/wp\/v2\/types\/product"}],"wp:featuredmedia":[{"embeddable":true,"href":"https:\/\/lucacastelli.com\/de\/wp-json\/wp\/v2\/media\/608510"}],"wp:attachment":[{"href":"https:\/\/lucacastelli.com\/de\/wp-json\/wp\/v2\/media?parent=609003"}],"wp:term":[{"taxonomy":"product_brand","embeddable":true,"href":"https:\/\/lucacastelli.com\/de\/wp-json\/wp\/v2\/product_brand?post=609003"},{"taxonomy":"product_cat","embeddable":true,"href":"https:\/\/lucacastelli.com\/de\/wp-json\/wp\/v2\/product_cat?post=609003"},{"taxonomy":"product_tag","embeddable":true,"href":"https:\/\/lucacastelli.com\/de\/wp-json\/wp\/v2\/product_tag?post=609003"}],"curies":[{"name":"wp","href":"https:\/\/api.w.org\/{rel}","templated":true}]}}