{"id":608984,"date":"2025-08-10T18:36:29","date_gmt":"2025-08-10T16:36:29","guid":{"rendered":"https:\/\/lucacastelli.com\/prodotto\/milwaukee-scs-41-125-2\/"},"modified":"2025-08-10T18:36:29","modified_gmt":"2025-08-10T16:36:29","slug":"milwaukee-scs-41-125-2","status":"publish","type":"product","link":"https:\/\/lucacastelli.com\/de\/produkt\/milwaukee-scs-41-125-2\/","title":{"rendered":"MILWAUKEE SCS 41 \/ 125"},"content":{"rendered":"<p>SCHNEIDER\u00c4DCHEN SCS41D 125&#215;1,5mm &#8211; PRO+<br \/>\nAnwendungen: Geeignet f\u00fcr alle St\u00e4hle. Empfohlen zum Schneiden von rostfreiem Stahl, Hardox, Gusseisen, hitzebest\u00e4ndigem Stahl und Baustahl.;Eigenschaften: + 50% l\u00e4ngere Standzeit, 50% weniger Schneidzeit, 50% weniger Staub.;*Bestellung nur in Kartons zu 50 x 4932430445). Die Mindestbestellmenge betr\u00e4gt 50 x 4932430445 (= 1 x Karton). Die Mindestbestellmenge betr\u00e4gt 50 St\u00fcck oder ein Vielfaches davon (z.B. 100, 150, 200&#8230;).<\/p>\n<p>4932498002<br \/>\n4058546511623<\/p>\n","protected":false},"excerpt":{"rendered":"<p>SCHNEIDER\u00c4DCHEN SCS41D 125&#215;1,5mm &#8211; PRO+<\/p>\n","protected":false},"featured_media":497687,"template":"","meta":{"_seopress_robots_primary_cat":"","_seopress_titles_title":"","_seopress_titles_desc":"","_seopress_robots_index":""},"product_brand":[3656],"product_cat":[1454,169,1541],"product_tag":[3272],"class_list":{"0":"post-608984","1":"product","2":"type-product","3":"status-publish","4":"has-post-thumbnail","6":"product_brand-milwaukee-de","7":"product_cat-andere-gerate","8":"product_cat-maschinen","9":"product_cat-zerkleinerungsmaschinen","10":"product_tag-import-milwau-de","11":"sws-conto-ricavi-merci-rivendita-macchinari-de","12":"sws-gruppo-iva-iva81-de","14":"first","15":"onbackorder","16":"shipping-taxable","17":"purchasable","18":"product-type-simple"},"_links":{"self":[{"href":"https:\/\/lucacastelli.com\/de\/wp-json\/wp\/v2\/product\/608984","targetHints":{"allow":["GET"]}}],"collection":[{"href":"https:\/\/lucacastelli.com\/de\/wp-json\/wp\/v2\/product"}],"about":[{"href":"https:\/\/lucacastelli.com\/de\/wp-json\/wp\/v2\/types\/product"}],"wp:featuredmedia":[{"embeddable":true,"href":"https:\/\/lucacastelli.com\/de\/wp-json\/wp\/v2\/media\/497687"}],"wp:attachment":[{"href":"https:\/\/lucacastelli.com\/de\/wp-json\/wp\/v2\/media?parent=608984"}],"wp:term":[{"taxonomy":"product_brand","embeddable":true,"href":"https:\/\/lucacastelli.com\/de\/wp-json\/wp\/v2\/product_brand?post=608984"},{"taxonomy":"product_cat","embeddable":true,"href":"https:\/\/lucacastelli.com\/de\/wp-json\/wp\/v2\/product_cat?post=608984"},{"taxonomy":"product_tag","embeddable":true,"href":"https:\/\/lucacastelli.com\/de\/wp-json\/wp\/v2\/product_tag?post=608984"}],"curies":[{"name":"wp","href":"https:\/\/api.w.org\/{rel}","templated":true}]}}