{"id":608774,"date":"2025-08-13T20:54:49","date_gmt":"2025-08-13T18:54:49","guid":{"rendered":"https:\/\/lucacastelli.com\/prodotto\/protos-gehoerschutz-15\/"},"modified":"2026-04-15T10:18:10","modified_gmt":"2026-04-15T08:18:10","slug":"protos-gehoerschutz-15-2","status":"publish","type":"product","link":"https:\/\/lucacastelli.com\/de\/produkt\/protos-gehoerschutz-15-2\/","title":{"rendered":"Protos\u00ae Geh\u00f6rschutzkapsel"},"content":{"rendered":"<p>Der patentierte Geh\u00f6rschutz von Protos\u00ae Integral bietet eine L\u00e4rmreduzierung von SNR=27 dB und gew\u00e4hrleistet so ein hohes Ma\u00df an Sicherheit. Dank der Konformit\u00e4t mit der Norm EN 352-3 ist der Geh\u00f6rschutz unverzichtbar f\u00fcr alle Arbeiten mit st\u00f6rendem oder gesundheitssch\u00e4dlichem L\u00e4rm. Wird der Geh\u00f6rschutz nicht ben\u00f6tigt, kann er mit zwei Fingern ganz einfach von der Aktiv- in die Passivposition bewegt werden. Der Geh\u00f6rschutz l\u00e4sst sich extrem einfach an- und abmontieren.<\/p>\n<p>Material: 50% ABS, 50% Polyamid<br \/>\nGewicht: 215 g<br \/>\nVerpackung: paarweise<br \/>\nD\u00e4mmwert: SNR=27 dB (H=34 dB, M=24 dB, L=17 dB)<br \/>\nNormen: EN 352-3<\/p>\n","protected":false},"excerpt":{"rendered":"<p>Der patentierte Geh\u00f6rschutz von Protos\u00ae Integral bietet eine L\u00e4rmreduzierung von SNR=27 dB und gew\u00e4hrleistet so ein hohes Ma\u00df an Sicherheit.<\/p>\n","protected":false},"featured_media":607957,"template":"","meta":{"_seopress_robots_primary_cat":"none","_seopress_titles_title":"","_seopress_titles_desc":"","_seopress_robots_index":""},"product_brand":[3670,4720],"product_cat":[150,1396,1404],"product_tag":[],"class_list":{"0":"post-608774","1":"product","2":"type-product","3":"status-publish","4":"has-post-thumbnail","6":"product_brand-pfanner-de","7":"product_brand-protos-de","8":"product_cat-ausrustung","9":"product_cat-arbeitsausrustung","10":"product_cat-helme","11":"sws-gruppo-no-gruppo-de","12":"sws-categoria-sito-de","13":"sws-conto-ricavi-merci-rivendita-abbigliamento-de","14":"sws-gruppo-iva-iva81-de","16":"first","17":"instock","18":"shipping-taxable","19":"purchasable","20":"product-type-variable","21":"has-default-attributes"},"_links":{"self":[{"href":"https:\/\/lucacastelli.com\/de\/wp-json\/wp\/v2\/product\/608774","targetHints":{"allow":["GET"]}}],"collection":[{"href":"https:\/\/lucacastelli.com\/de\/wp-json\/wp\/v2\/product"}],"about":[{"href":"https:\/\/lucacastelli.com\/de\/wp-json\/wp\/v2\/types\/product"}],"wp:featuredmedia":[{"embeddable":true,"href":"https:\/\/lucacastelli.com\/de\/wp-json\/wp\/v2\/media\/607957"}],"wp:attachment":[{"href":"https:\/\/lucacastelli.com\/de\/wp-json\/wp\/v2\/media?parent=608774"}],"wp:term":[{"taxonomy":"product_brand","embeddable":true,"href":"https:\/\/lucacastelli.com\/de\/wp-json\/wp\/v2\/product_brand?post=608774"},{"taxonomy":"product_cat","embeddable":true,"href":"https:\/\/lucacastelli.com\/de\/wp-json\/wp\/v2\/product_cat?post=608774"},{"taxonomy":"product_tag","embeddable":true,"href":"https:\/\/lucacastelli.com\/de\/wp-json\/wp\/v2\/product_tag?post=608774"}],"curies":[{"name":"wp","href":"https:\/\/api.w.org\/{rel}","templated":true}]}}