{"id":608714,"date":"2025-08-13T20:53:09","date_gmt":"2025-08-13T18:53:09","guid":{"rendered":"https:\/\/lucacastelli.com\/prodotto\/protos-gehoerschutz-8\/"},"modified":"2026-03-18T11:03:38","modified_gmt":"2026-03-18T10:03:38","slug":"protos-gehoerschutz-8","status":"publish","type":"product","link":"https:\/\/lucacastelli.com\/de\/produkt\/protos-gehoerschutz-8\/","title":{"rendered":"Protos\u00ae Geh\u00f6rschutzkapseln"},"content":{"rendered":"<p>Der patentierte L\u00e4rmschutz von Protos\u00ae Integral bietet eine L\u00e4rmreduzierung von SNR=27 dB und sorgt so f\u00fcr ein hohes Ma\u00df an Sicherheit. Durch die Einhaltung der EN 352-3 ist ein Geh\u00f6rschutz f\u00fcr alle Arbeiten mit l\u00e4stigem oder gesundheitssch\u00e4dlichem L\u00e4rm unerl\u00e4sslich. Wenn der Geh\u00f6rschutz nicht ben\u00f6tigt wird, kann er mit zwei Fingern leicht von der aktiven in die passive Position gebracht werden. Der Geh\u00f6rschutz kann leicht angebracht und abgenommen werden.<\/p>\n<p>Material: 50% ABS 50% Polyamid<br \/>\nGewicht: 215 g<br \/>\nVerpackung: paarweise<br \/>\nSchalld\u00e4mmwert: SNR=27 dB (H=34dB, M=24dB, L=17dB)<br \/>\nNormen: EN 352-3<\/p>\n","protected":false},"excerpt":{"rendered":"<p>Der patentierte L\u00e4rmschutz von Protos\u00ae Integral bietet eine L\u00e4rmreduzierung von SNR=27 dB und sorgt so f\u00fcr ein hohes Ma\u00df an<\/p>\n","protected":false},"featured_media":607862,"template":"","meta":{"_seopress_robots_primary_cat":"none","_seopress_titles_title":"","_seopress_titles_desc":"","_seopress_robots_index":""},"product_brand":[3458,4381],"product_cat":[33,537,815],"product_tag":[],"class_list":{"0":"post-608714","1":"product","2":"type-product","3":"status-publish","4":"has-post-thumbnail","6":"product_brand-pfanner","7":"product_brand-protos","8":"product_cat-attrezzature","9":"product_cat-attrezzatura-da-lavoro","10":"product_cat-caschi","11":"sws-gruppo-no-gruppo-de","12":"sws-categoria-sito-de","13":"sws-conto-ricavi-merci-rivendita-abbigliamento-de","14":"sws-gruppo-iva-iva81-de","16":"first","17":"instock","18":"shipping-taxable","19":"purchasable","20":"product-type-variable","21":"has-default-attributes"},"_links":{"self":[{"href":"https:\/\/lucacastelli.com\/de\/wp-json\/wp\/v2\/product\/608714","targetHints":{"allow":["GET"]}}],"collection":[{"href":"https:\/\/lucacastelli.com\/de\/wp-json\/wp\/v2\/product"}],"about":[{"href":"https:\/\/lucacastelli.com\/de\/wp-json\/wp\/v2\/types\/product"}],"wp:featuredmedia":[{"embeddable":true,"href":"https:\/\/lucacastelli.com\/de\/wp-json\/wp\/v2\/media\/607862"}],"wp:attachment":[{"href":"https:\/\/lucacastelli.com\/de\/wp-json\/wp\/v2\/media?parent=608714"}],"wp:term":[{"taxonomy":"product_brand","embeddable":true,"href":"https:\/\/lucacastelli.com\/de\/wp-json\/wp\/v2\/product_brand?post=608714"},{"taxonomy":"product_cat","embeddable":true,"href":"https:\/\/lucacastelli.com\/de\/wp-json\/wp\/v2\/product_cat?post=608714"},{"taxonomy":"product_tag","embeddable":true,"href":"https:\/\/lucacastelli.com\/de\/wp-json\/wp\/v2\/product_tag?post=608714"}],"curies":[{"name":"wp","href":"https:\/\/api.w.org\/{rel}","templated":true}]}}