{"id":608461,"date":"2025-08-13T20:12:58","date_gmt":"2025-08-13T18:12:58","guid":{"rendered":"https:\/\/lucacastelli.com\/prodotto\/protos-kletterer-29\/"},"modified":"2026-04-15T17:56:22","modified_gmt":"2026-04-15T15:56:22","slug":"protos-kletterer-29","status":"publish","type":"product","link":"https:\/\/lucacastelli.com\/de\/produkt\/protos-kletterer-29\/","title":{"rendered":"Protos\u00ae Climber"},"content":{"rendered":"<p>Wenn die Norm einen Kopfschutz nach EN 12492 vorschreibt, ist der Protos\u00ae Integral Climber die ideale Wahl. Er eignet sich auch f\u00fcr die technische Unfallhilfe und die H\u00f6henrettung. Dank des Baukastenprinzips kann der Protos\u00ae Integral Climber auch f\u00fcr andere Eins\u00e4tze ausger\u00fcstet werden. Die tiefe Nackenschale des Protos\u00ae Integral verhindert ein Verrutschen, auch bei \u00dcberkopfarbeiten.<br \/>\nDer Protos\u00ae Integral Climber ist mit Kinnriemen und CrashAbsorber ausgestattet. Dank dieser Ausf\u00fchrung erf\u00fcllt er auch die Norm EN 12492 und ist somit perfekt als Kopfschutz beim Klettern und Radfahren geeignet. In Sachen Komfort ist der Protos\u00ae Integral Climber identisch mit dem Protos\u00ae Integral Industry und weist kein sp\u00fcrbares Mehrgewicht auf. Der Protos\u00ae kann jederzeit mit Originalzubeh\u00f6r nachger\u00fcstet werden.<br \/>\nSicherheit und Komfort<br \/>\nAlle Vorteile des Stern-Systems f\u00fcr den Protos Integral gelten auch f\u00fcr den Climber. Vor allem die innovative Innenausstattung mit Klima-Air Technologie bietet dem Tr\u00e4ger einen unschlagbaren Mehrwert. Die aktive Bel\u00fcftung und der perfekte Sitz am Kopf machen den Arbeitsalltag angenehmer.        <\/p>\n<p>Material: 50 % ABS, 50 % Polyamid<br \/>\nGewicht: 0,685 kg<br \/>\nGr\u00f6sse: Einheitsgr\u00f6sse, verstellbar durch patentierten Nackenverschluss<br \/>\nStandard: Kopfumfang 54\u201362 cm<br \/>\n\u00dcbergr\u00f6sse: Kopfumfang: 56\u201364 cm (auf Anfrage erh\u00e4ltlich)<br \/>\nNormen: EN 397, EN 1078, EN 1077 B, EN 12492, ANSI Z89.1<\/p>\n","protected":false},"excerpt":{"rendered":"<p>Wenn die Norm einen Kopfschutz nach EN 12492 vorschreibt, ist der Protos\u00ae Integral Climber die ideale Wahl. Er eignet sich<\/p>\n","protected":false},"featured_media":607653,"template":"","meta":{"_seopress_robots_primary_cat":"none","_seopress_titles_title":"","_seopress_titles_desc":"","_seopress_robots_index":""},"product_brand":[3458,4381],"product_cat":[33,537,815],"product_tag":[],"class_list":{"0":"post-608461","1":"product","2":"type-product","3":"status-publish","4":"has-post-thumbnail","6":"product_brand-pfanner","7":"product_brand-protos","8":"product_cat-attrezzature","9":"product_cat-attrezzatura-da-lavoro","10":"product_cat-caschi","11":"sws-gruppo-no-gruppo-de","12":"sws-conto-ricavi-merci-rivendita-abbigliamento-de","13":"sws-gruppo-iva-iva81-de","15":"first","16":"instock","17":"shipping-taxable","18":"purchasable","19":"product-type-variable","20":"has-default-attributes"},"_links":{"self":[{"href":"https:\/\/lucacastelli.com\/de\/wp-json\/wp\/v2\/product\/608461","targetHints":{"allow":["GET"]}}],"collection":[{"href":"https:\/\/lucacastelli.com\/de\/wp-json\/wp\/v2\/product"}],"about":[{"href":"https:\/\/lucacastelli.com\/de\/wp-json\/wp\/v2\/types\/product"}],"wp:featuredmedia":[{"embeddable":true,"href":"https:\/\/lucacastelli.com\/de\/wp-json\/wp\/v2\/media\/607653"}],"wp:attachment":[{"href":"https:\/\/lucacastelli.com\/de\/wp-json\/wp\/v2\/media?parent=608461"}],"wp:term":[{"taxonomy":"product_brand","embeddable":true,"href":"https:\/\/lucacastelli.com\/de\/wp-json\/wp\/v2\/product_brand?post=608461"},{"taxonomy":"product_cat","embeddable":true,"href":"https:\/\/lucacastelli.com\/de\/wp-json\/wp\/v2\/product_cat?post=608461"},{"taxonomy":"product_tag","embeddable":true,"href":"https:\/\/lucacastelli.com\/de\/wp-json\/wp\/v2\/product_tag?post=608461"}],"curies":[{"name":"wp","href":"https:\/\/api.w.org\/{rel}","templated":true}]}}