{"id":608394,"date":"2025-08-13T20:11:13","date_gmt":"2025-08-13T18:11:13","guid":{"rendered":"https:\/\/lucacastelli.com\/prodotto\/protos-kletterer-17\/"},"modified":"2026-03-23T10:06:05","modified_gmt":"2026-03-23T09:06:05","slug":"protos-kletterer-17","status":"publish","type":"product","link":"https:\/\/lucacastelli.com\/de\/produkt\/protos-kletterer-17\/","title":{"rendered":"Protos\u00ae-Kletterer"},"content":{"rendered":"<p>Wenn die Norm einen Kopfschutz nach EN 12492 vorschreibt, ist der Protos\u00ae Integral Climber die ideale Wahl. Er eignet sich auch f\u00fcr die technische Rettung bei Unf\u00e4llen und f\u00fcr die Rettung in H\u00f6hen. Dank seines modularen Prinzips kann der Protos\u00ae Integral Climber auch f\u00fcr andere Einsatzzwecke ausger\u00fcstet werden. Die tiefe Nackenschale des Protos\u00ae Integral verhindert ein Abrutschen, auch bei \u00dcberkopfarbeiten.<br \/>\nDer Protos\u00ae Integral Climber ist mit einem Kinnriemen und CrashAbsorber ausgestattet. Dank dieser Version erf\u00fcllt er auch die Norm EN 12492 und eignet sich daher perfekt als Kopfschutz beim Klettern und Radfahren. In puncto Komfort ist der Protos\u00ae Integral Climber identisch mit dem Protos\u00ae Integral Industry und hat kein sp\u00fcrbares Zusatzgewicht. Der Protos\u00ae kann jederzeit mit Originalzubeh\u00f6r ausgestattet werden.<br \/>\nSicherheit und Komfort<br \/>\nAlle Vorteile des Stern-Systems f\u00fcr den Protos Integral gelten auch f\u00fcr den Climber. Vor allem die innovative Innenstruktur mit Klima-Air-Technologie bietet einen unschlagbaren Mehrwert f\u00fcr den Tr\u00e4ger. Aktive Bel\u00fcftung und ein perfekter Sitz auf dem Kopf machen den Arbeitsalltag angenehmer.        <\/p>\n<p>Material: 50% ABS, 50% Polyamid<br \/>\nGewicht: 0,685 kg<br \/>\nGr\u00f6\u00dfe: Einheitsgr\u00f6\u00dfe verstellbar durch patentierten Nackenverschluss<br \/>\nStandard: Kopfumfang 54-62 cm<br \/>\nExtra Gr\u00f6\u00dfe: Kopfumfang: 56-64 cm (auf Anfrage erh\u00e4ltlich)<br \/>\nNormen: EN 397, EN 1078, EN 1077 B, EN 12492, ANSI Z89.1<\/p>\n","protected":false},"excerpt":{"rendered":"<p>Wenn die Norm einen Kopfschutz nach EN 12492 vorschreibt, ist der Protos\u00ae Integral Climber die ideale Wahl. Er eignet sich<\/p>\n","protected":false},"featured_media":607765,"template":"","meta":{"_seopress_robots_primary_cat":"none","_seopress_titles_title":"","_seopress_titles_desc":"","_seopress_robots_index":""},"product_brand":[3458,4381],"product_cat":[33,537,815],"product_tag":[],"class_list":{"0":"post-608394","1":"product","2":"type-product","3":"status-publish","4":"has-post-thumbnail","6":"product_brand-pfanner","7":"product_brand-protos","8":"product_cat-attrezzature","9":"product_cat-attrezzatura-da-lavoro","10":"product_cat-caschi","11":"sws-gruppo-no-gruppo-de","12":"sws-conto-ricavi-merci-rivendita-abbigliamento-de","13":"sws-gruppo-iva-iva81-de","15":"first","16":"instock","17":"shipping-taxable","18":"purchasable","19":"product-type-variable","20":"has-default-attributes"},"_links":{"self":[{"href":"https:\/\/lucacastelli.com\/de\/wp-json\/wp\/v2\/product\/608394","targetHints":{"allow":["GET"]}}],"collection":[{"href":"https:\/\/lucacastelli.com\/de\/wp-json\/wp\/v2\/product"}],"about":[{"href":"https:\/\/lucacastelli.com\/de\/wp-json\/wp\/v2\/types\/product"}],"wp:featuredmedia":[{"embeddable":true,"href":"https:\/\/lucacastelli.com\/de\/wp-json\/wp\/v2\/media\/607765"}],"wp:attachment":[{"href":"https:\/\/lucacastelli.com\/de\/wp-json\/wp\/v2\/media?parent=608394"}],"wp:term":[{"taxonomy":"product_brand","embeddable":true,"href":"https:\/\/lucacastelli.com\/de\/wp-json\/wp\/v2\/product_brand?post=608394"},{"taxonomy":"product_cat","embeddable":true,"href":"https:\/\/lucacastelli.com\/de\/wp-json\/wp\/v2\/product_cat?post=608394"},{"taxonomy":"product_tag","embeddable":true,"href":"https:\/\/lucacastelli.com\/de\/wp-json\/wp\/v2\/product_tag?post=608394"}],"curies":[{"name":"wp","href":"https:\/\/api.w.org\/{rel}","templated":true}]}}