{"id":608252,"date":"2025-08-10T17:12:28","date_gmt":"2025-08-10T15:12:28","guid":{"rendered":"https:\/\/lucacastelli.com\/prodotto\/milwaukee-pxph-40i-2510\/"},"modified":"2025-08-10T17:12:28","modified_gmt":"2025-08-10T15:12:28","slug":"milwaukee-pxph-40i-2510","status":"publish","type":"product","link":"https:\/\/lucacastelli.com\/de\/produkt\/milwaukee-pxph-40i-2510\/","title":{"rendered":"MILWAUKEE PXPH 40I &#8211; 2510"},"content":{"rendered":"<p>PXPH40I-2510 \/EXPANSORS<br \/>\nMit ihrem speziellen selbstdrehenden Kopf sind die Q&amp;E Aufweitk\u00f6pfe nicht nur mit M12\u2122 und M18 Werkzeugen, sondern auch mit den meisten Uponor\u2122 Werkzeugen kompatibel. Sie bestehen aus verst\u00e4rktem Stahl und bieten maximale Haltbarkeit und Best\u00e4ndigkeit bei allen Temperaturen. Die Ringe sind f\u00fcr eine schnelle und einfache Identifizierung farblich gekennzeichnet  <\/p>\n<p>4932479581<br \/>\n4058546373757<\/p>\n","protected":false},"excerpt":{"rendered":"<p>PXPH40I-2510 \/EXPANDER<\/p>\n","protected":false},"featured_media":544269,"template":"","meta":{"_seopress_robots_primary_cat":"","_seopress_titles_title":"","_seopress_titles_desc":"","_seopress_robots_index":""},"product_brand":[3407],"product_cat":[5531,29],"product_tag":[3270],"class_list":{"0":"post-608252","1":"product","2":"type-product","3":"status-publish","4":"has-post-thumbnail","6":"product_brand-milwaukee","7":"product_cat-vari-macchinari-milwaukee","8":"product_cat-macchinari","9":"product_tag-import-milwau","10":"sws-conto-ricavi-merci-rivendita-macchinari-de","11":"sws-gruppo-iva-iva81-de","13":"first","14":"onbackorder","15":"sale","16":"shipping-taxable","17":"purchasable","18":"product-type-simple"},"_links":{"self":[{"href":"https:\/\/lucacastelli.com\/de\/wp-json\/wp\/v2\/product\/608252","targetHints":{"allow":["GET"]}}],"collection":[{"href":"https:\/\/lucacastelli.com\/de\/wp-json\/wp\/v2\/product"}],"about":[{"href":"https:\/\/lucacastelli.com\/de\/wp-json\/wp\/v2\/types\/product"}],"wp:featuredmedia":[{"embeddable":true,"href":"https:\/\/lucacastelli.com\/de\/wp-json\/wp\/v2\/media\/544269"}],"wp:attachment":[{"href":"https:\/\/lucacastelli.com\/de\/wp-json\/wp\/v2\/media?parent=608252"}],"wp:term":[{"taxonomy":"product_brand","embeddable":true,"href":"https:\/\/lucacastelli.com\/de\/wp-json\/wp\/v2\/product_brand?post=608252"},{"taxonomy":"product_cat","embeddable":true,"href":"https:\/\/lucacastelli.com\/de\/wp-json\/wp\/v2\/product_cat?post=608252"},{"taxonomy":"product_tag","embeddable":true,"href":"https:\/\/lucacastelli.com\/de\/wp-json\/wp\/v2\/product_tag?post=608252"}],"curies":[{"name":"wp","href":"https:\/\/api.w.org\/{rel}","templated":true}]}}