{"id":608251,"date":"2025-08-10T16:33:54","date_gmt":"2025-08-10T14:33:54","guid":{"rendered":"https:\/\/lucacastelli.com\/prodotto\/milwaukee-saegebank\/"},"modified":"2026-03-02T16:15:30","modified_gmt":"2026-03-02T15:15:30","slug":"milwaukee-saegebank","status":"publish","type":"product","link":"https:\/\/lucacastelli.com\/de\/produkt\/milwaukee-saegebank\/","title":{"rendered":"Milwaukee S\u00e4gebank"},"content":{"rendered":"<p>M18 FTS210-121B \/ TISCHKREISS\u00c4GEN<br \/>\nDie M18 FUEL\u2122 ONE-KEY\u2122 Tischkreiss\u00e4ge liefert die n\u00f6tige Leistung, um mit der gleichen Geschwindigkeit wie das kabelgebundene \u00c4quivalent zu schneiden. Mit ausreichender Laufzeit f\u00fcr bis zu 190 m OSB mit 19 mm St\u00e4rke mit einem 18-V-12,0-Ah-Akku; HIGH OUTPUT\u2122-System steigert Leistung und Laufzeit der M18 FUEL\u2122-Technologie; Zahnstangen-Ritzel-System der F\u00fchrung f\u00fcr schnelle und pr\u00e4zise Ausrichtung mit 622 mm maximaler Schnittkapazit\u00e4t; Das 210-mm-S\u00e4geblatt erm\u00f6glicht eine Schnitttiefe von 63 mm bei 90 Grad; Das ONE-KEY\u2122 Tracking &amp; Security-System bietet kostenlosen cloudbasierten Tracking- und Bestandsverwaltungsservice mit Fernverriegelungsfunktion; Schutzhaube und werkzeuglos verstellbares Spaltkeil; Integrierter Tragegriff; Alle f\u00fcr den Einsatz erforderlichen Werkzeuge k\u00f6nnen am Ger\u00e4t verstaut und bequem transportiert werden; Geeignet f\u00fcr den Einsatz mit allen MILWAUKEE\u00ae-Staubsaugern; Funktioniert mit allen MILWAUKEE\u00ae M18\u2122-Akkus; Direkter Staubabsauganschluss am Ger\u00e4t <\/p>\n<p>4933499179<br \/>\n4058546563431<\/p>\n","protected":false},"excerpt":{"rendered":"<p>M18 FTS210-121B \/ S\u00c4GEB\u00c4NKE<\/p>\n","protected":false},"featured_media":600685,"template":"","meta":{"_seopress_robots_primary_cat":"","_seopress_titles_title":"","_seopress_titles_desc":"","_seopress_robots_index":""},"product_brand":[3407],"product_cat":[29,514,558],"product_tag":[3270],"class_list":{"0":"post-608251","1":"product","2":"type-product","3":"status-publish","4":"has-post-thumbnail","6":"product_brand-milwaukee","7":"product_cat-macchinari","8":"product_cat-altri-dispositivi","9":"product_cat-seghe-accessori-vari","10":"product_tag-import-milwau","11":"sws-conto-ricavi-merci-rivendita-macchinari-de","12":"sws-gruppo-iva-iva81-de","14":"first","15":"onbackorder","16":"sale","17":"shipping-taxable","18":"purchasable","19":"product-type-simple"},"_links":{"self":[{"href":"https:\/\/lucacastelli.com\/de\/wp-json\/wp\/v2\/product\/608251","targetHints":{"allow":["GET"]}}],"collection":[{"href":"https:\/\/lucacastelli.com\/de\/wp-json\/wp\/v2\/product"}],"about":[{"href":"https:\/\/lucacastelli.com\/de\/wp-json\/wp\/v2\/types\/product"}],"wp:featuredmedia":[{"embeddable":true,"href":"https:\/\/lucacastelli.com\/de\/wp-json\/wp\/v2\/media\/600685"}],"wp:attachment":[{"href":"https:\/\/lucacastelli.com\/de\/wp-json\/wp\/v2\/media?parent=608251"}],"wp:term":[{"taxonomy":"product_brand","embeddable":true,"href":"https:\/\/lucacastelli.com\/de\/wp-json\/wp\/v2\/product_brand?post=608251"},{"taxonomy":"product_cat","embeddable":true,"href":"https:\/\/lucacastelli.com\/de\/wp-json\/wp\/v2\/product_cat?post=608251"},{"taxonomy":"product_tag","embeddable":true,"href":"https:\/\/lucacastelli.com\/de\/wp-json\/wp\/v2\/product_tag?post=608251"}],"curies":[{"name":"wp","href":"https:\/\/api.w.org\/{rel}","templated":true}]}}