{"id":608238,"date":"2025-08-10T18:36:35","date_gmt":"2025-08-10T16:36:35","guid":{"rendered":"https:\/\/lucacastelli.com\/prodotto\/milwaukee-polnisch-1500\/"},"modified":"2025-08-10T18:36:35","modified_gmt":"2025-08-10T16:36:35","slug":"milwaukee-polnisch-1500","status":"publish","type":"product","link":"https:\/\/lucacastelli.com\/de\/produkt\/milwaukee-polnisch-1500\/","title":{"rendered":"Milwaukee Polnisch 1500"},"content":{"rendered":"<p>PASTA ROSSA &#8211; GROSSOLANA (1l Flasche)<br \/>\nGrobk\u00f6rnige Politur 1500 zum Entfernen tiefer Kratzer, ohne den Lack zu besch\u00e4digen. Geeignet zum Entfernen von Staubk\u00f6rnern, Orangenschalen, Lackl\u00e4ufen und tiefen Kratzern. Frei von Wachs, Silikon und giftigen L\u00f6sungsmitteln. Wir empfehlen die Verwendung eines harten roten Schwamms und eines roten Poliertuchs.<br \/>\nEinfache Anwendung: Farbcodierung f\u00fcr Schleifpaste, Schwamm und Tuch, um Verwechslungen zu vermeiden und die Verunreinigung verschiedener Schleifmittel zu verhindern;Rote Schleifpaste f\u00fcr die Entfernung von tiefen bis mikroskopisch kleinen Kratzern   <\/p>\n<p>&nbsp;<\/p>\n","protected":false},"excerpt":{"rendered":"<p>PASTA ROSSA &#8211; GROSSOLANA (1l Flasche)<\/p>\n","protected":false},"featured_media":555780,"template":"","meta":{"_seopress_robots_primary_cat":"none","_seopress_titles_title":"","_seopress_titles_desc":"","_seopress_robots_index":""},"product_brand":[3407],"product_cat":[29,514,555],"product_tag":[3270],"class_list":{"0":"post-608238","1":"product","2":"type-product","3":"status-publish","4":"has-post-thumbnail","6":"product_brand-milwaukee","7":"product_cat-macchinari","8":"product_cat-altri-dispositivi","9":"product_cat-smerigliatrici","10":"product_tag-import-milwau","11":"sws-conto-ricavi-merci-rivendita-macchinari-de","12":"sws-gruppo-iva-iva81-de","14":"first","15":"instock","16":"shipping-taxable","17":"purchasable","18":"product-type-simple"},"_links":{"self":[{"href":"https:\/\/lucacastelli.com\/de\/wp-json\/wp\/v2\/product\/608238","targetHints":{"allow":["GET"]}}],"collection":[{"href":"https:\/\/lucacastelli.com\/de\/wp-json\/wp\/v2\/product"}],"about":[{"href":"https:\/\/lucacastelli.com\/de\/wp-json\/wp\/v2\/types\/product"}],"wp:featuredmedia":[{"embeddable":true,"href":"https:\/\/lucacastelli.com\/de\/wp-json\/wp\/v2\/media\/555780"}],"wp:attachment":[{"href":"https:\/\/lucacastelli.com\/de\/wp-json\/wp\/v2\/media?parent=608238"}],"wp:term":[{"taxonomy":"product_brand","embeddable":true,"href":"https:\/\/lucacastelli.com\/de\/wp-json\/wp\/v2\/product_brand?post=608238"},{"taxonomy":"product_cat","embeddable":true,"href":"https:\/\/lucacastelli.com\/de\/wp-json\/wp\/v2\/product_cat?post=608238"},{"taxonomy":"product_tag","embeddable":true,"href":"https:\/\/lucacastelli.com\/de\/wp-json\/wp\/v2\/product_tag?post=608238"}],"curies":[{"name":"wp","href":"https:\/\/api.w.org\/{rel}","templated":true}]}}