{"id":608237,"date":"2025-08-10T18:36:34","date_gmt":"2025-08-10T16:36:34","guid":{"rendered":"https:\/\/lucacastelli.com\/prodotto\/milwaukee-polnisch-2000\/"},"modified":"2025-08-10T18:36:34","modified_gmt":"2025-08-10T16:36:34","slug":"milwaukee-polnisch-2000","status":"publish","type":"product","link":"https:\/\/lucacastelli.com\/de\/produkt\/milwaukee-polnisch-2000\/","title":{"rendered":"Milwaukee Polnisch 2000"},"content":{"rendered":"<p>GELBE PASSE &#8211; FEIN (1l Flasche)<br \/>\nEine 2000 grobk\u00f6rnige Politur zum Entfernen feiner Kratzer, ohne den Lack zu besch\u00e4digen. Frei von Wachs, Silikon und giftigen L\u00f6sungsmitteln. Wir empfehlen die Verwendung eines weichen, feinen gelben Schwamms und eines gelben Poliertuchs.  <\/p>\n<p>Einfache Handhabung: Farbcodierung f\u00fcr Schleifpaste, Schwamm und Tuch, um Verwechslungen zu vermeiden und eine Verunreinigung der verschiedenen Schleifmittel zu verhindern;Gelbe Schleifpaste zum Entfernen von Hologrammen<\/p>\n<p>4932492301<br \/>\n4058546416683<\/p>\n","protected":false},"excerpt":{"rendered":"<p>GELBE PASTE &#8211; FEIN (1l Flasche)<\/p>\n","protected":false},"featured_media":555789,"template":"","meta":{"_seopress_robots_primary_cat":"none","_seopress_titles_title":"","_seopress_titles_desc":"","_seopress_robots_index":""},"product_brand":[3407],"product_cat":[29,514,555],"product_tag":[3270],"class_list":{"0":"post-608237","1":"product","2":"type-product","3":"status-publish","4":"has-post-thumbnail","6":"product_brand-milwaukee","7":"product_cat-macchinari","8":"product_cat-altri-dispositivi","9":"product_cat-smerigliatrici","10":"product_tag-import-milwau","11":"sws-conto-ricavi-merci-rivendita-macchinari-de","12":"sws-gruppo-iva-iva81-de","14":"first","15":"instock","16":"shipping-taxable","17":"purchasable","18":"product-type-simple"},"_links":{"self":[{"href":"https:\/\/lucacastelli.com\/de\/wp-json\/wp\/v2\/product\/608237","targetHints":{"allow":["GET"]}}],"collection":[{"href":"https:\/\/lucacastelli.com\/de\/wp-json\/wp\/v2\/product"}],"about":[{"href":"https:\/\/lucacastelli.com\/de\/wp-json\/wp\/v2\/types\/product"}],"wp:featuredmedia":[{"embeddable":true,"href":"https:\/\/lucacastelli.com\/de\/wp-json\/wp\/v2\/media\/555789"}],"wp:attachment":[{"href":"https:\/\/lucacastelli.com\/de\/wp-json\/wp\/v2\/media?parent=608237"}],"wp:term":[{"taxonomy":"product_brand","embeddable":true,"href":"https:\/\/lucacastelli.com\/de\/wp-json\/wp\/v2\/product_brand?post=608237"},{"taxonomy":"product_cat","embeddable":true,"href":"https:\/\/lucacastelli.com\/de\/wp-json\/wp\/v2\/product_cat?post=608237"},{"taxonomy":"product_tag","embeddable":true,"href":"https:\/\/lucacastelli.com\/de\/wp-json\/wp\/v2\/product_tag?post=608237"}],"curies":[{"name":"wp","href":"https:\/\/api.w.org\/{rel}","templated":true}]}}