{"id":608232,"date":"2025-08-10T16:51:12","date_gmt":"2025-08-10T14:51:12","guid":{"rendered":"https:\/\/lucacastelli.com\/prodotto\/milwaukee-trimmer\/"},"modified":"2025-08-10T16:51:12","modified_gmt":"2025-08-10T14:51:12","slug":"milwaukee-trimmer","status":"publish","type":"product","link":"https:\/\/lucacastelli.com\/de\/produkt\/milwaukee-trimmer\/","title":{"rendered":"Milwaukee Trimmer"},"content":{"rendered":"<p>M18 FOPH-EA \/GARDEN TOOLS<br \/>\nTrimmerverl\u00e4ngerung f\u00fcr das M18 FOPH Multi-Tool;Entwickelt, um die Bed\u00fcrfnisse aller Landschaftspflege-Profis zu erf\u00fcllen;Perfekt f\u00fcr Rasen, Gehwege und Wegkanten: sauberes und ordentliches Schneiden;Verstellbare H\u00f6he und Rad bieten maximale Leistung und Kontrolle;20.3 cm f\u00fcr maximale Haltbarkeit und Lebensdauer;Bis zu 3.900 U\/min f\u00fcr einen sauberen, effizienten Schnitt;Gesamtl\u00e4nge 956 mm<\/p>\n<p>4932464958<br \/>\n4058546229030<\/p>\n","protected":false},"excerpt":{"rendered":"<p>M18 FOPH-EA \/GARTENGER\u00c4TE<\/p>\n","protected":false},"featured_media":530464,"template":"","meta":{"_seopress_robots_primary_cat":"","_seopress_titles_title":"","_seopress_titles_desc":"","_seopress_robots_index":""},"product_brand":[3656],"product_cat":[1639,169],"product_tag":[3272],"class_list":{"0":"post-608232","1":"product","2":"type-product","3":"status-publish","4":"has-post-thumbnail","6":"product_brand-milwaukee-de","7":"product_cat-kombi-und-multi-systeme","8":"product_cat-maschinen","9":"product_tag-import-milwau-de","10":"sws-conto-ricavi-merci-rivendita-macchinari-de","11":"sws-gruppo-iva-iva81-de","13":"first","14":"onbackorder","15":"sale","16":"shipping-taxable","17":"purchasable","18":"product-type-simple"},"_links":{"self":[{"href":"https:\/\/lucacastelli.com\/de\/wp-json\/wp\/v2\/product\/608232","targetHints":{"allow":["GET"]}}],"collection":[{"href":"https:\/\/lucacastelli.com\/de\/wp-json\/wp\/v2\/product"}],"about":[{"href":"https:\/\/lucacastelli.com\/de\/wp-json\/wp\/v2\/types\/product"}],"wp:featuredmedia":[{"embeddable":true,"href":"https:\/\/lucacastelli.com\/de\/wp-json\/wp\/v2\/media\/530464"}],"wp:attachment":[{"href":"https:\/\/lucacastelli.com\/de\/wp-json\/wp\/v2\/media?parent=608232"}],"wp:term":[{"taxonomy":"product_brand","embeddable":true,"href":"https:\/\/lucacastelli.com\/de\/wp-json\/wp\/v2\/product_brand?post=608232"},{"taxonomy":"product_cat","embeddable":true,"href":"https:\/\/lucacastelli.com\/de\/wp-json\/wp\/v2\/product_cat?post=608232"},{"taxonomy":"product_tag","embeddable":true,"href":"https:\/\/lucacastelli.com\/de\/wp-json\/wp\/v2\/product_tag?post=608232"}],"curies":[{"name":"wp","href":"https:\/\/api.w.org\/{rel}","templated":true}]}}