{"id":608179,"date":"2025-08-13T14:48:56","date_gmt":"2025-08-13T12:48:56","guid":{"rendered":"https:\/\/lucacastelli.com\/prodotto\/trabaldo-icarus\/"},"modified":"2026-01-31T00:02:39","modified_gmt":"2026-01-30T23:02:39","slug":"trabaldo-icarus","status":"publish","type":"product","link":"https:\/\/lucacastelli.com\/de\/produkt\/trabaldo-icarus\/","title":{"rendered":"TRABALDO ICARUS"},"content":{"rendered":"<p>Wie f\u00fchlt es sich an, eine Wolke zu tragen? Dann musst du ICARUS tragen. Die Mikrofasern, aus denen der MICROFRESH-Hauptteil besteht, geh\u00f6ren zu den feinsten, weichsten und leichtesten, w\u00e4hrend die MICROFRESH LIGHT-Mesh-Eins\u00e4tze an den H\u00fcften, unter den Achseln und am R\u00fccken das Frischegef\u00fchl noch verst\u00e4rken und die technischen Eigenschaften betonen. Vergiss nicht, sie ab und zu auszuziehen.   <\/p>\n","protected":false},"excerpt":{"rendered":"<p>Wie f\u00fchlt es sich an, eine Wolke zu tragen? Dann musst du ICARUS tragen. Die Mikrofasern, aus denen der MICROFRESH-Hauptteil<\/p>\n","protected":false},"featured_media":607494,"template":"","meta":{"_seopress_robots_primary_cat":"none","_seopress_titles_title":"","_seopress_titles_desc":"","_seopress_robots_index":""},"product_brand":[3410],"product_cat":[21,284],"product_tag":[],"class_list":{"0":"post-608179","1":"product","2":"type-product","3":"status-publish","4":"has-post-thumbnail","6":"product_brand-trabaldo-gino","7":"product_cat-abbigliamento","8":"product_cat-abbigliamento-da-lavoro","9":"sws-gruppo-abb-libero-de","10":"sws-conto-ricavi-merci-rivendita-abbigliamento-de","11":"sws-gruppo-iva-iva81-de","13":"first","14":"instock","15":"shipping-taxable","16":"purchasable","17":"product-type-variable","18":"has-default-attributes"},"_links":{"self":[{"href":"https:\/\/lucacastelli.com\/de\/wp-json\/wp\/v2\/product\/608179","targetHints":{"allow":["GET"]}}],"collection":[{"href":"https:\/\/lucacastelli.com\/de\/wp-json\/wp\/v2\/product"}],"about":[{"href":"https:\/\/lucacastelli.com\/de\/wp-json\/wp\/v2\/types\/product"}],"wp:featuredmedia":[{"embeddable":true,"href":"https:\/\/lucacastelli.com\/de\/wp-json\/wp\/v2\/media\/607494"}],"wp:attachment":[{"href":"https:\/\/lucacastelli.com\/de\/wp-json\/wp\/v2\/media?parent=608179"}],"wp:term":[{"taxonomy":"product_brand","embeddable":true,"href":"https:\/\/lucacastelli.com\/de\/wp-json\/wp\/v2\/product_brand?post=608179"},{"taxonomy":"product_cat","embeddable":true,"href":"https:\/\/lucacastelli.com\/de\/wp-json\/wp\/v2\/product_cat?post=608179"},{"taxonomy":"product_tag","embeddable":true,"href":"https:\/\/lucacastelli.com\/de\/wp-json\/wp\/v2\/product_tag?post=608179"}],"curies":[{"name":"wp","href":"https:\/\/api.w.org\/{rel}","templated":true}]}}