{"id":608089,"date":"2025-08-13T14:26:15","date_gmt":"2025-08-13T12:26:15","guid":{"rendered":"https:\/\/lucacastelli.com\/prodotto\/trabaldo-hoehe\/"},"modified":"2026-01-31T00:02:40","modified_gmt":"2026-01-30T23:02:40","slug":"trabaldo-hoehe","status":"publish","type":"product","link":"https:\/\/lucacastelli.com\/de\/produkt\/trabaldo-hoehe\/","title":{"rendered":"TRABALDO H\u00d6HE"},"content":{"rendered":"<p>Die Weste, die aus der alpinen Jagdtradition geboren wurde, verk\u00f6rpert deren DNA, indem sie im ALPINE CHALLENGE Stil weiterentwickelt wurde. ALTITUDE ist unsere Antwort auf den Wunsch des Gebirgsj\u00e4gers nach einer Weste, die mit einem Fernglasgeh\u00e4use ausgestattet ist. Alle Materialien und technischen Merkmale zielen darauf ab, die perfekte Balance zwischen Leichtigkeit, Kapazit\u00e4t und Schutz zu finden. Die Vorderseite besteht aus einer winddichten WINDSYSTEM-Membran, die vor dem Windchill-Effekt sch\u00fctzt, w\u00e4hrend die R\u00fcckseite aus CORDURA\u00ae Ripstop-Stretch besteht, der die Atmungsaktivit\u00e4t f\u00f6rdert, ohne die Robustheit zu beeintr\u00e4chtigen. ALTITUDE hat auch die f\u00fcr die Linie typischen Eins\u00e4tze an Schultern und H\u00fcfte, die aus TITANIAL und KETRATEX-Stretch bestehen, um die Stellen zu sch\u00fctzen, die durch das Tragen von Rucksack und Gewehr am st\u00e4rksten beansprucht werden, ohne dabei das Gewicht zu beeintr\u00e4chtigen (520 g, Gr\u00f6\u00dfe L). Es gibt zahlreiche technische Features: einen seitlich zu \u00f6ffnenden Rei\u00dfverschluss, um das Anziehen zu erleichtern, einen Frontrei\u00dfverschluss mit erh\u00f6htem Kragen f\u00fcr besseren Windschutz und einen gro\u00dfz\u00fcgigen Rei\u00dfverschluss, der es erm\u00f6glicht, den unteren Teil der Weste zu \u00f6ffnen, um bei Bedarf die Atmungsaktivit\u00e4t zu erh\u00f6hen oder den Zugang zu den Innentaschen zu erleichtern. Neben der Fronttasche f\u00fcr das Fernglas, die mit einem Rei\u00dfverschluss und Klettverschluss verstellt werden kann, verf\u00fcgt die ALTITUDE \u00fcber zwei Fronttaschen mit Zwickeln, zwei Seitentaschen, eine hintere Fleischtasche und zwei Innentaschen. Von der Sommerbeobachtung bis zur langen Herbstpirsch in den Bergen gibt dir ALTITUDE das sichere Gef\u00fchl, dass du nichts verpasst.       <\/p>\n","protected":false},"excerpt":{"rendered":"<p>Die Weste, die aus der alpinen Jagdtradition geboren wurde, verk\u00f6rpert deren DNA, indem sie im ALPINE CHALLENGE Stil weiterentwickelt wurde.<\/p>\n","protected":false},"featured_media":607410,"template":"","meta":{"_seopress_robots_primary_cat":"none","_seopress_titles_title":"","_seopress_titles_desc":"","_seopress_robots_index":""},"product_brand":[3410],"product_cat":[21,284],"product_tag":[],"class_list":{"0":"post-608089","1":"product","2":"type-product","3":"status-publish","4":"has-post-thumbnail","6":"product_brand-trabaldo-gino","7":"product_cat-abbigliamento","8":"product_cat-abbigliamento-da-lavoro","9":"sws-gruppo-abb-libero-de","10":"sws-conto-ricavi-merci-rivendita-abbigliamento-de","11":"sws-gruppo-iva-iva81-de","13":"first","14":"instock","15":"shipping-taxable","16":"purchasable","17":"product-type-variable","18":"has-default-attributes"},"_links":{"self":[{"href":"https:\/\/lucacastelli.com\/de\/wp-json\/wp\/v2\/product\/608089","targetHints":{"allow":["GET"]}}],"collection":[{"href":"https:\/\/lucacastelli.com\/de\/wp-json\/wp\/v2\/product"}],"about":[{"href":"https:\/\/lucacastelli.com\/de\/wp-json\/wp\/v2\/types\/product"}],"wp:featuredmedia":[{"embeddable":true,"href":"https:\/\/lucacastelli.com\/de\/wp-json\/wp\/v2\/media\/607410"}],"wp:attachment":[{"href":"https:\/\/lucacastelli.com\/de\/wp-json\/wp\/v2\/media?parent=608089"}],"wp:term":[{"taxonomy":"product_brand","embeddable":true,"href":"https:\/\/lucacastelli.com\/de\/wp-json\/wp\/v2\/product_brand?post=608089"},{"taxonomy":"product_cat","embeddable":true,"href":"https:\/\/lucacastelli.com\/de\/wp-json\/wp\/v2\/product_cat?post=608089"},{"taxonomy":"product_tag","embeddable":true,"href":"https:\/\/lucacastelli.com\/de\/wp-json\/wp\/v2\/product_tag?post=608089"}],"curies":[{"name":"wp","href":"https:\/\/api.w.org\/{rel}","templated":true}]}}