{"id":608086,"date":"2025-08-13T14:25:41","date_gmt":"2025-08-13T12:25:41","guid":{"rendered":"https:\/\/lucacastelli.com\/prodotto\/trabaldo-m-l-trikot\/"},"modified":"2026-01-31T00:02:40","modified_gmt":"2026-01-30T23:02:40","slug":"trabaldo-m-l-trikot","status":"publish","type":"product","link":"https:\/\/lucacastelli.com\/de\/produkt\/trabaldo-m-l-trikot\/","title":{"rendered":"TRABALDO M\/L Trikot"},"content":{"rendered":"<p>Unterw\u00e4sche, die f\u00fcr l\u00e4ngere, hochintensive Aktivit\u00e4ten entwickelt wurde, bei denen maximale Atmungsaktivit\u00e4t und Trockenheit entscheidend f\u00fcr unsere Leistung sind. Mit einem Gewicht von nur 70 g (Gr\u00f6\u00dfe L\/XL) ist sie die leichteste L\u00f6sung f\u00fcr alle, die einen technischen Baselayer f\u00fcr den Sommer oder die Zwischensaison suchen. Dank der SEAMLESS Technologie-Konstruktion und dem hohen Anteil an DRYARN\u00ae Polypropylen kombiniert diese Unterw\u00e4sche ein angenehmes Gef\u00fchl von Weichheit bei Hautkontakt, hohe Atmungsaktivit\u00e4t und schnelle Trocknung. Die Verwendung von Silberfasern in der Achselh\u00f6hle erh\u00f6ht dank ihrer bakteriostatischen Wirkung die antibakterielle Leistung und reduziert die Entstehung von unangenehmen Ger\u00fcchen bei intensivem und l\u00e4ngerem Gebrauch.   <\/p>\n","protected":false},"excerpt":{"rendered":"<p>Unterw\u00e4sche, die f\u00fcr l\u00e4ngere, hochintensive Aktivit\u00e4ten entwickelt wurde, bei denen maximale Atmungsaktivit\u00e4t und Trockenheit entscheidend f\u00fcr unsere Leistung sind. Mit<\/p>\n","protected":false},"featured_media":607396,"template":"","meta":{"_seopress_robots_primary_cat":"none","_seopress_titles_title":"","_seopress_titles_desc":"","_seopress_robots_index":""},"product_brand":[3410],"product_cat":[21,284],"product_tag":[],"class_list":{"0":"post-608086","1":"product","2":"type-product","3":"status-publish","4":"has-post-thumbnail","6":"product_brand-trabaldo-gino","7":"product_cat-abbigliamento","8":"product_cat-abbigliamento-da-lavoro","9":"sws-gruppo-abb-libero-de","10":"sws-conto-ricavi-merci-rivendita-abbigliamento-de","11":"sws-gruppo-iva-iva81-de","13":"first","14":"instock","15":"shipping-taxable","16":"purchasable","17":"product-type-variable","18":"has-default-attributes"},"_links":{"self":[{"href":"https:\/\/lucacastelli.com\/de\/wp-json\/wp\/v2\/product\/608086","targetHints":{"allow":["GET"]}}],"collection":[{"href":"https:\/\/lucacastelli.com\/de\/wp-json\/wp\/v2\/product"}],"about":[{"href":"https:\/\/lucacastelli.com\/de\/wp-json\/wp\/v2\/types\/product"}],"wp:featuredmedia":[{"embeddable":true,"href":"https:\/\/lucacastelli.com\/de\/wp-json\/wp\/v2\/media\/607396"}],"wp:attachment":[{"href":"https:\/\/lucacastelli.com\/de\/wp-json\/wp\/v2\/media?parent=608086"}],"wp:term":[{"taxonomy":"product_brand","embeddable":true,"href":"https:\/\/lucacastelli.com\/de\/wp-json\/wp\/v2\/product_brand?post=608086"},{"taxonomy":"product_cat","embeddable":true,"href":"https:\/\/lucacastelli.com\/de\/wp-json\/wp\/v2\/product_cat?post=608086"},{"taxonomy":"product_tag","embeddable":true,"href":"https:\/\/lucacastelli.com\/de\/wp-json\/wp\/v2\/product_tag?post=608086"}],"curies":[{"name":"wp","href":"https:\/\/api.w.org\/{rel}","templated":true}]}}