{"id":608060,"date":"2025-08-13T14:25:25","date_gmt":"2025-08-13T12:25:25","guid":{"rendered":"https:\/\/lucacastelli.com\/prodotto\/trabaldo-camp-schwarz\/"},"modified":"2026-01-31T00:02:44","modified_gmt":"2026-01-30T23:02:44","slug":"trabaldo-camp-schwarz","status":"publish","type":"product","link":"https:\/\/lucacastelli.com\/de\/produkt\/trabaldo-camp-schwarz\/","title":{"rendered":"TRABALDO CAMP SCHWARZ"},"content":{"rendered":"<p>Wenn wir die richtige Balance zwischen W\u00e4rme, Gewicht und Atmungsaktivit\u00e4t nicht finden k\u00f6nnen, sorgt CAMP f\u00fcr Abhilfe. Ein Midlayer mit einem hohen W\u00e4rme-\/Leichtigkeitsverh\u00e4ltnis, das durch den Einsatz der HIGH LOFT\u2122-Technologie von POLARTEC\u00ae erm\u00f6glicht wird. Die volumin\u00f6se und weiche Struktur dieses Fleece erh\u00f6ht seine Isolationskraft und bietet gleichzeitig eine hohe Kompressibilit\u00e4t und Leichtigkeit. Diese Eigenschaften, kombiniert mit dem schnellen Abtransport von Schwei\u00df, machen CAMP zum idealen Begleiter f\u00fcr lange Wanderungen in den Bergen. An den Schultern und \u00c4rmeln haben wir die POWER AIR\u2122-Technologie eingesetzt: In jeder einzelnen Zelle ist ein Polyestergarn eingekapselt, das eine Lufttasche bildet, die als W\u00e4rmeisolierung dient. Das Ergebnis ist ein Stoff mit weichem Griff und hohen Isolationseigenschaften im Verh\u00e4ltnis zu reduziertem Volumen und hoher Elastizit\u00e4t. Die Hard-Face-Ausr\u00fcstung, die an den am st\u00e4rksten beanspruchten Stellen aufgetragen wird, reduziert das Auftreten von Pilling, das durch die Reibung an den dar\u00fcber liegenden Schichten entsteht. Zwei Taschen an der Unterseite zur Aufbewahrung von Kleinteilen runden die Ausr\u00fcstung ab.<br \/>\nALPINE CHALLENGE line<br \/>\nDiese Linie ist f\u00fcr die Huftierjagd bei der Selektion, der Pirsch und der Bergjagd gedacht. Geringes Gewicht und hohe Isolationseigenschaften bei strengen Volumen- und Gewichtsbeschr\u00e4nkungen garantieren Leistung und Komfort im Einsatz. Das Know-how der Bergprofis, mit denen diese Produkte entwickelt wurden, trifft hier auf Technologien wie POLARTEC\u00ae, PRIMALOFT\u00ae und SCHOELLER\u00ae. Und schlie\u00dflich bietet die Kombination mit jagdspezifischen Geweben wie unserem TITANIAL und KETRATEX die perfekte Kombination f\u00fcr jeden Bergj\u00e4ger.          <\/p>\n","protected":false},"excerpt":{"rendered":"<p>Wenn wir die richtige Balance zwischen W\u00e4rme, Gewicht und Atmungsaktivit\u00e4t nicht finden k\u00f6nnen, sorgt CAMP f\u00fcr Abhilfe. Ein Midlayer mit<\/p>\n","protected":false},"featured_media":607388,"template":"","meta":{"_seopress_robots_primary_cat":"none","_seopress_titles_title":"","_seopress_titles_desc":"","_seopress_robots_index":""},"product_brand":[3410],"product_cat":[21,284],"product_tag":[],"class_list":{"0":"post-608060","1":"product","2":"type-product","3":"status-publish","4":"has-post-thumbnail","6":"product_brand-trabaldo-gino","7":"product_cat-abbigliamento","8":"product_cat-abbigliamento-da-lavoro","9":"sws-gruppo-abb-libero-de","10":"sws-conto-ricavi-merci-rivendita-abbigliamento-de","11":"sws-gruppo-iva-iva81-de","13":"first","14":"instock","15":"shipping-taxable","16":"purchasable","17":"product-type-variable","18":"has-default-attributes"},"_links":{"self":[{"href":"https:\/\/lucacastelli.com\/de\/wp-json\/wp\/v2\/product\/608060","targetHints":{"allow":["GET"]}}],"collection":[{"href":"https:\/\/lucacastelli.com\/de\/wp-json\/wp\/v2\/product"}],"about":[{"href":"https:\/\/lucacastelli.com\/de\/wp-json\/wp\/v2\/types\/product"}],"wp:featuredmedia":[{"embeddable":true,"href":"https:\/\/lucacastelli.com\/de\/wp-json\/wp\/v2\/media\/607388"}],"wp:attachment":[{"href":"https:\/\/lucacastelli.com\/de\/wp-json\/wp\/v2\/media?parent=608060"}],"wp:term":[{"taxonomy":"product_brand","embeddable":true,"href":"https:\/\/lucacastelli.com\/de\/wp-json\/wp\/v2\/product_brand?post=608060"},{"taxonomy":"product_cat","embeddable":true,"href":"https:\/\/lucacastelli.com\/de\/wp-json\/wp\/v2\/product_cat?post=608060"},{"taxonomy":"product_tag","embeddable":true,"href":"https:\/\/lucacastelli.com\/de\/wp-json\/wp\/v2\/product_tag?post=608060"}],"curies":[{"name":"wp","href":"https:\/\/api.w.org\/{rel}","templated":true}]}}