{"id":608044,"date":"2025-08-13T13:41:15","date_gmt":"2025-08-13T11:41:15","guid":{"rendered":"https:\/\/lucacastelli.com\/prodotto\/trabaldo-stream\/"},"modified":"2026-03-01T00:25:01","modified_gmt":"2026-02-28T23:25:01","slug":"trabaldo-stream","status":"publish","type":"product","link":"https:\/\/lucacastelli.com\/de\/produkt\/trabaldo-stream\/","title":{"rendered":"TRABALDO STREAM"},"content":{"rendered":"<p>Geboren f\u00fcr diejenigen, die ihre Leidenschaft mit in die Sommermonate nehmen wollen. STREAM ist die kurze Hose aus der 18000er-Linie, die f\u00fcr den Sommer oder ganz allgemein f\u00fcr alle Outdoor-Aktivit\u00e4ten gedacht ist, die in der hei\u00dfen Jahreszeit ausge\u00fcbt werden k\u00f6nnen. Lass dich nicht t\u00e4uschen, STREAM verf\u00fcgt \u00fcber alle f\u00fcr TRABALDO typischen technischen Eigenschaften: Der Grundstoff ist aus SENSITIVE\u00ae, leicht, frisch und extrem atmungsaktiv. Der f\u00fcr SENSITIVE\u00ae-Stoffe typische hohe Elastizit\u00e4tsmodul sorgt f\u00fcr kompromisslosen Komfort, w\u00e4hrend das KETRATEX-Stretchb\u00fcndchen Schutz und Bewegungsfreiheit bietet. Der elastische G\u00fcrtel sorgt f\u00fcr Atmungsaktivit\u00e4t, Leichtigkeit und eine bequeme, anliegende Passform. Ob du eine lange Wanderung in den Bergen unternimmst oder mit deinen Helfern trainierst, die STREAM mit ihren nur 320 g (Gr\u00f6\u00dfe L) gibt dir auch im Sommer ein angenehmes Frischegef\u00fchl. Zwei Blasebalgtaschen an den Seiten und eine auf dem R\u00fccken runden das Outfit ab.      <\/p>\n","protected":false},"excerpt":{"rendered":"<p>Geboren f\u00fcr diejenigen, die ihre Leidenschaft mit in die Sommermonate nehmen wollen. STREAM ist die kurze Hose aus der 18000er-Linie,<\/p>\n","protected":false},"featured_media":607212,"template":"","meta":{"_seopress_robots_primary_cat":"none","_seopress_titles_title":"","_seopress_titles_desc":"","_seopress_robots_index":""},"product_brand":[3674],"product_cat":[1382,82],"product_tag":[],"class_list":{"0":"post-608044","1":"product","2":"type-product","3":"status-publish","4":"has-post-thumbnail","6":"product_brand-trabaldo-gino-de","7":"product_cat-arbeitskleidung","8":"product_cat-kleidung","9":"sws-gruppo-abb-libero-de","10":"sws-conto-ricavi-merci-rivendita-abbigliamento-de","11":"sws-gruppo-iva-iva81-de","13":"first","14":"instock","15":"shipping-taxable","16":"purchasable","17":"product-type-variable","18":"has-default-attributes"},"_links":{"self":[{"href":"https:\/\/lucacastelli.com\/de\/wp-json\/wp\/v2\/product\/608044","targetHints":{"allow":["GET"]}}],"collection":[{"href":"https:\/\/lucacastelli.com\/de\/wp-json\/wp\/v2\/product"}],"about":[{"href":"https:\/\/lucacastelli.com\/de\/wp-json\/wp\/v2\/types\/product"}],"wp:featuredmedia":[{"embeddable":true,"href":"https:\/\/lucacastelli.com\/de\/wp-json\/wp\/v2\/media\/607212"}],"wp:attachment":[{"href":"https:\/\/lucacastelli.com\/de\/wp-json\/wp\/v2\/media?parent=608044"}],"wp:term":[{"taxonomy":"product_brand","embeddable":true,"href":"https:\/\/lucacastelli.com\/de\/wp-json\/wp\/v2\/product_brand?post=608044"},{"taxonomy":"product_cat","embeddable":true,"href":"https:\/\/lucacastelli.com\/de\/wp-json\/wp\/v2\/product_cat?post=608044"},{"taxonomy":"product_tag","embeddable":true,"href":"https:\/\/lucacastelli.com\/de\/wp-json\/wp\/v2\/product_tag?post=608044"}],"curies":[{"name":"wp","href":"https:\/\/api.w.org\/{rel}","templated":true}]}}