{"id":608029,"date":"2025-08-13T13:52:16","date_gmt":"2025-08-13T11:52:16","guid":{"rendered":"https:\/\/lucacastelli.com\/prodotto\/trabaldo-ascent-schwarz\/"},"modified":"2026-01-31T00:02:42","modified_gmt":"2026-01-30T23:02:42","slug":"trabaldo-ascent-schwarz","status":"publish","type":"product","link":"https:\/\/lucacastelli.com\/de\/produkt\/trabaldo-ascent-schwarz\/","title":{"rendered":"TRABALDO ASCENT SCHWARZ"},"content":{"rendered":"<p>Schwarze Ausgabe unserer bew\u00e4hrten ASCENT Hose aus der Alpine Challenge Serie f\u00fcr alle, die einen technischen Look suchen, den sie 365 Tage im Jahr tragen k\u00f6nnen. Eine Hose, die sich f\u00fcr Ausfl\u00fcge zu Beginn der Saison und sonnige Tage in den Bergen eignet. Die ASCENT BLACK verk\u00f6rpert die DNA der Serie dank der Kombination aus bergsteigerischen Modellen und jagdspezifischen Materialien. Dank des KETRATEX-Stretchs, der als Grundmaterial verwendet wird, ist sie leicht und bietet ein angenehmes Gef\u00fchl von Komfort und Schutz. ASCENT BLACK verzichtet jedoch nicht auf Robustheit und verwendet unser TITANIAL-Gewebe in den vorderen Verst\u00e4rkungen, um die Abrieb- und Rei\u00dffestigkeit beim Vorankommen zu verbessern. Die besten technischen Eigenschaften wie die Komfortzone im Lendenbereich, die Stiefelschn\u00fcrung mit Top-Fix-System und die Stretch-KETRATEX-Reithose garantieren Komfort bei langen Wanderungen. ASCENT BLACK ist eine ungef\u00fctterte Hose f\u00fcr alle, die bei steigenden Temperaturen Leichtigkeit und maximale Atmungsaktivit\u00e4t brauchen. Um diesen Aspekt noch zu verbessern, haben wir zwei gro\u00dfz\u00fcgige Bel\u00fcftungsrei\u00dfverschl\u00fcsse an der R\u00fcckseite der Beine eingearbeitet. Kn\u00f6chelverst\u00e4rkungen aus robustem und leisem Kunstleder, wie es f\u00fcr die Linie typisch ist, und beigefarbene Bes\u00e4tze runden das Kleidungsst\u00fcck ab.       <\/p>\n","protected":false},"excerpt":{"rendered":"<p>Schwarze Ausgabe unserer bew\u00e4hrten ASCENT Hose aus der Alpine Challenge Serie f\u00fcr alle, die einen technischen Look suchen, den sie<\/p>\n","protected":false},"featured_media":607376,"template":"","meta":{"_seopress_robots_primary_cat":"none","_seopress_titles_title":"","_seopress_titles_desc":"","_seopress_robots_index":""},"product_brand":[3410],"product_cat":[21,284],"product_tag":[],"class_list":{"0":"post-608029","1":"product","2":"type-product","3":"status-publish","4":"has-post-thumbnail","6":"product_brand-trabaldo-gino","7":"product_cat-abbigliamento","8":"product_cat-abbigliamento-da-lavoro","9":"sws-gruppo-abb-libero-de","10":"sws-conto-ricavi-merci-rivendita-abbigliamento-de","11":"sws-gruppo-iva-iva81-de","13":"first","14":"instock","15":"shipping-taxable","16":"purchasable","17":"product-type-variable","18":"has-default-attributes"},"_links":{"self":[{"href":"https:\/\/lucacastelli.com\/de\/wp-json\/wp\/v2\/product\/608029","targetHints":{"allow":["GET"]}}],"collection":[{"href":"https:\/\/lucacastelli.com\/de\/wp-json\/wp\/v2\/product"}],"about":[{"href":"https:\/\/lucacastelli.com\/de\/wp-json\/wp\/v2\/types\/product"}],"wp:featuredmedia":[{"embeddable":true,"href":"https:\/\/lucacastelli.com\/de\/wp-json\/wp\/v2\/media\/607376"}],"wp:attachment":[{"href":"https:\/\/lucacastelli.com\/de\/wp-json\/wp\/v2\/media?parent=608029"}],"wp:term":[{"taxonomy":"product_brand","embeddable":true,"href":"https:\/\/lucacastelli.com\/de\/wp-json\/wp\/v2\/product_brand?post=608029"},{"taxonomy":"product_cat","embeddable":true,"href":"https:\/\/lucacastelli.com\/de\/wp-json\/wp\/v2\/product_cat?post=608029"},{"taxonomy":"product_tag","embeddable":true,"href":"https:\/\/lucacastelli.com\/de\/wp-json\/wp\/v2\/product_tag?post=608029"}],"curies":[{"name":"wp","href":"https:\/\/api.w.org\/{rel}","templated":true}]}}