{"id":607999,"date":"2025-08-13T13:40:27","date_gmt":"2025-08-13T11:40:27","guid":{"rendered":"https:\/\/lucacastelli.com\/prodotto\/trabaldo-arizona\/"},"modified":"2026-01-31T00:02:41","modified_gmt":"2026-01-30T23:02:41","slug":"trabaldo-arizona","status":"publish","type":"product","link":"https:\/\/lucacastelli.com\/de\/produkt\/trabaldo-arizona\/","title":{"rendered":"TRABALDO ARIZONA"},"content":{"rendered":"<p>Die Winterversion des Modells TEXAS, die ARIZONA, besteht aus bi-elastischem SCHOELLER\u00ae DRYSKIN\u00ae mit einer speziellen, widerstandsf\u00e4higen Anti-Snagging-Behandlung, die sie besonders wasserabweisend macht, ohne die Atmungsaktivit\u00e4t zu beeintr\u00e4chtigen, auch dank der speziellen Kapillarfasern auf der Innenseite, die Feuchtigkeit transportieren. Die Vorderseite besteht aus robustem KETRATEX, um die Abrieb- und Rei\u00dffestigkeit zu erh\u00f6hen. ARIZONA wird mit einer Innengamasche geliefert.  <\/p>\n","protected":false},"excerpt":{"rendered":"<p>Die Winterversion des Modells TEXAS, die ARIZONA, besteht aus bi-elastischem SCHOELLER\u00ae DRYSKIN\u00ae mit einer speziellen, widerstandsf\u00e4higen Anti-Snagging-Behandlung, die sie besonders<\/p>\n","protected":false},"featured_media":607196,"template":"","meta":{"_seopress_robots_primary_cat":"none","_seopress_titles_title":"","_seopress_titles_desc":"","_seopress_robots_index":""},"product_brand":[3410],"product_cat":[21,284],"product_tag":[],"class_list":{"0":"post-607999","1":"product","2":"type-product","3":"status-publish","4":"has-post-thumbnail","6":"product_brand-trabaldo-gino","7":"product_cat-abbigliamento","8":"product_cat-abbigliamento-da-lavoro","9":"sws-gruppo-abb-libero-de","10":"sws-conto-ricavi-merci-rivendita-abbigliamento-de","11":"sws-gruppo-iva-iva81-de","13":"first","14":"instock","15":"shipping-taxable","16":"purchasable","17":"product-type-variable","18":"has-default-attributes"},"_links":{"self":[{"href":"https:\/\/lucacastelli.com\/de\/wp-json\/wp\/v2\/product\/607999","targetHints":{"allow":["GET"]}}],"collection":[{"href":"https:\/\/lucacastelli.com\/de\/wp-json\/wp\/v2\/product"}],"about":[{"href":"https:\/\/lucacastelli.com\/de\/wp-json\/wp\/v2\/types\/product"}],"wp:featuredmedia":[{"embeddable":true,"href":"https:\/\/lucacastelli.com\/de\/wp-json\/wp\/v2\/media\/607196"}],"wp:attachment":[{"href":"https:\/\/lucacastelli.com\/de\/wp-json\/wp\/v2\/media?parent=607999"}],"wp:term":[{"taxonomy":"product_brand","embeddable":true,"href":"https:\/\/lucacastelli.com\/de\/wp-json\/wp\/v2\/product_brand?post=607999"},{"taxonomy":"product_cat","embeddable":true,"href":"https:\/\/lucacastelli.com\/de\/wp-json\/wp\/v2\/product_cat?post=607999"},{"taxonomy":"product_tag","embeddable":true,"href":"https:\/\/lucacastelli.com\/de\/wp-json\/wp\/v2\/product_tag?post=607999"}],"curies":[{"name":"wp","href":"https:\/\/api.w.org\/{rel}","templated":true}]}}