{"id":607362,"date":"2025-08-10T18:25:41","date_gmt":"2025-08-10T16:25:41","guid":{"rendered":"https:\/\/lucacastelli.com\/prodotto\/milwaukee-mehrzweck-schraubendreher-6\/"},"modified":"2025-08-10T18:25:41","modified_gmt":"2025-08-10T16:25:41","slug":"milwaukee-mehrzweck-schraubendreher-6","status":"publish","type":"product","link":"https:\/\/lucacastelli.com\/de\/produkt\/milwaukee-mehrzweck-schraubendreher-6\/","title":{"rendered":"Milwaukee Mehrzweck-Schraubendreher"},"content":{"rendered":"<p>27 IN 1 MULTI-PURPOSE SCHRAUBE<br \/>\nGriff f\u00fcr die schnelle und einfache Aufbewahrung von Bits;Erm\u00f6glicht es dir, schnell zu erkennen, wenn ein Bit verloren gegangen ist;Erm\u00f6glicht es dir, den Bit in den Griff einzuf\u00fchren, um an engste Stellen zu gelangen;Bithalter mit 1\/4Zoll-Anschluss;Doppelt verj\u00fcngte Bits erm\u00f6glichen eine breite Palette von Anwendungen<\/p>\n<p>4932492808<br \/>\n4058546476793<\/p>\n","protected":false},"excerpt":{"rendered":"<p>27-IN-1-MEHRZWECKSCHRAUBENDREHER<\/p>\n","protected":false},"featured_media":558562,"template":"","meta":{"_seopress_robots_primary_cat":"","_seopress_titles_title":"","_seopress_titles_desc":"","_seopress_robots_index":""},"product_brand":[3407],"product_cat":[5416,33],"product_tag":[3270],"class_list":{"0":"post-607362","1":"product","2":"type-product","3":"status-publish","4":"has-post-thumbnail","6":"product_brand-milwaukee","7":"product_cat-utensili-per-officina","8":"product_cat-attrezzature","9":"product_tag-import-milwau","10":"sws-conto-ricavi-merci-rivendita-macchinari-de","11":"sws-gruppo-iva-iva81-de","13":"first","14":"onbackorder","15":"sale","16":"shipping-taxable","17":"purchasable","18":"product-type-simple"},"_links":{"self":[{"href":"https:\/\/lucacastelli.com\/de\/wp-json\/wp\/v2\/product\/607362","targetHints":{"allow":["GET"]}}],"collection":[{"href":"https:\/\/lucacastelli.com\/de\/wp-json\/wp\/v2\/product"}],"about":[{"href":"https:\/\/lucacastelli.com\/de\/wp-json\/wp\/v2\/types\/product"}],"wp:featuredmedia":[{"embeddable":true,"href":"https:\/\/lucacastelli.com\/de\/wp-json\/wp\/v2\/media\/558562"}],"wp:attachment":[{"href":"https:\/\/lucacastelli.com\/de\/wp-json\/wp\/v2\/media?parent=607362"}],"wp:term":[{"taxonomy":"product_brand","embeddable":true,"href":"https:\/\/lucacastelli.com\/de\/wp-json\/wp\/v2\/product_brand?post=607362"},{"taxonomy":"product_cat","embeddable":true,"href":"https:\/\/lucacastelli.com\/de\/wp-json\/wp\/v2\/product_cat?post=607362"},{"taxonomy":"product_tag","embeddable":true,"href":"https:\/\/lucacastelli.com\/de\/wp-json\/wp\/v2\/product_tag?post=607362"}],"curies":[{"name":"wp","href":"https:\/\/api.w.org\/{rel}","templated":true}]}}