{"id":607350,"date":"2025-08-10T18:25:39","date_gmt":"2025-08-10T16:25:39","guid":{"rendered":"https:\/\/lucacastelli.com\/prodotto\/milwaukee-mehrzweck-schraubendreher-2\/"},"modified":"2025-08-10T18:25:39","modified_gmt":"2025-08-10T16:25:39","slug":"milwaukee-mehrzweck-schraubendreher-2","status":"publish","type":"product","link":"https:\/\/lucacastelli.com\/de\/produkt\/milwaukee-mehrzweck-schraubendreher-2\/","title":{"rendered":"Milwaukee Mehrzweck-Schraubendreher"},"content":{"rendered":"<p>COMPACT MULTI-PURPOSE SCREW 8 IN 1<br \/>\nGriff f\u00fcr die schnelle und einfache Aufbewahrung von Bits;Erm\u00f6glicht es dir, schnell zu erkennen, wenn ein Bit verloren gegangen ist;Erm\u00f6glicht es dir, den Bit in den Griff einzuf\u00fchren, um an engste Stellen zu gelangen;Bithalter mit 1\/4Zoll-Nuss<\/p>\n<p>4932492807<br \/>\n4058546476786<\/p>\n","protected":false},"excerpt":{"rendered":"<p>KOMPAKTER 8-IN-1-MEHRZWECKSCHRAUBENDREHER<\/p>\n","protected":false},"featured_media":558549,"template":"","meta":{"_seopress_robots_primary_cat":"","_seopress_titles_title":"","_seopress_titles_desc":"","_seopress_robots_index":""},"product_brand":[3407],"product_cat":[5416,33],"product_tag":[3270],"class_list":{"0":"post-607350","1":"product","2":"type-product","3":"status-publish","4":"has-post-thumbnail","6":"product_brand-milwaukee","7":"product_cat-utensili-per-officina","8":"product_cat-attrezzature","9":"product_tag-import-milwau","10":"sws-conto-ricavi-merci-rivendita-macchinari-de","11":"sws-gruppo-iva-iva81-de","13":"first","14":"onbackorder","15":"sale","16":"shipping-taxable","17":"purchasable","18":"product-type-simple"},"_links":{"self":[{"href":"https:\/\/lucacastelli.com\/de\/wp-json\/wp\/v2\/product\/607350","targetHints":{"allow":["GET"]}}],"collection":[{"href":"https:\/\/lucacastelli.com\/de\/wp-json\/wp\/v2\/product"}],"about":[{"href":"https:\/\/lucacastelli.com\/de\/wp-json\/wp\/v2\/types\/product"}],"wp:featuredmedia":[{"embeddable":true,"href":"https:\/\/lucacastelli.com\/de\/wp-json\/wp\/v2\/media\/558549"}],"wp:attachment":[{"href":"https:\/\/lucacastelli.com\/de\/wp-json\/wp\/v2\/media?parent=607350"}],"wp:term":[{"taxonomy":"product_brand","embeddable":true,"href":"https:\/\/lucacastelli.com\/de\/wp-json\/wp\/v2\/product_brand?post=607350"},{"taxonomy":"product_cat","embeddable":true,"href":"https:\/\/lucacastelli.com\/de\/wp-json\/wp\/v2\/product_cat?post=607350"},{"taxonomy":"product_tag","embeddable":true,"href":"https:\/\/lucacastelli.com\/de\/wp-json\/wp\/v2\/product_tag?post=607350"}],"curies":[{"name":"wp","href":"https:\/\/api.w.org\/{rel}","templated":true}]}}