{"id":607333,"date":"2025-08-10T18:25:16","date_gmt":"2025-08-10T16:25:16","guid":{"rendered":"https:\/\/lucacastelli.com\/prodotto\/milwaukee-isolierte-schraubendreher-1000v-26\/"},"modified":"2025-08-10T18:25:16","modified_gmt":"2025-08-10T16:25:16","slug":"milwaukee-isolierte-schraubendreher-1000v-26","status":"publish","type":"product","link":"https:\/\/lucacastelli.com\/de\/produkt\/milwaukee-isolierte-schraubendreher-1000v-26\/","title":{"rendered":"Milwaukee Isolierte Schraubendreher 1000V"},"content":{"rendered":"<p>INSOLIERTES SCHRAUBENSET 1000V 5 St\u00fcck<br \/>\nGetestet bis zu 10.000V und garantiert bis zu 1.<br \/>\n000V;Schlanker Durchmesser f\u00fcr den Zugang zu Anwendungen in engen R\u00e4umen;Komfortabler 3-seitiger Griff, optimiert f\u00fcr maximalen Benutzerkomfort und Anwendungen mit hohem Drehmoment;Lasergravur auf der Oberseite f\u00fcr eine schnelle Modellidentifikation;3-seitiges Anti-Roll-Design f\u00fcr eine bessere Kraft\u00fcbertragung;Loch zur Befestigung des Schraubendrehers an Sicherheitsb\u00e4ndern<\/p>\n<p>4932478737 4058546360191<\/p>\n","protected":false},"excerpt":{"rendered":"<p>INSOLIERTES SCHRAUBEN-SET 1000V 5 Stk.<\/p>\n","protected":false},"featured_media":541662,"template":"","meta":{"_seopress_robots_primary_cat":"","_seopress_titles_title":"","_seopress_titles_desc":"","_seopress_robots_index":""},"product_brand":[3656],"product_cat":[5529,150],"product_tag":[3272],"class_list":{"0":"post-607333","1":"product","2":"type-product","3":"status-publish","4":"has-post-thumbnail","6":"product_brand-milwaukee-de","7":"product_cat-workshop-tools","8":"product_cat-ausrustung","9":"product_tag-import-milwau-de","10":"sws-conto-ricavi-merci-rivendita-macchinari-de","11":"sws-gruppo-iva-iva81-de","13":"first","14":"onbackorder","15":"sale","16":"shipping-taxable","17":"purchasable","18":"product-type-simple"},"_links":{"self":[{"href":"https:\/\/lucacastelli.com\/de\/wp-json\/wp\/v2\/product\/607333","targetHints":{"allow":["GET"]}}],"collection":[{"href":"https:\/\/lucacastelli.com\/de\/wp-json\/wp\/v2\/product"}],"about":[{"href":"https:\/\/lucacastelli.com\/de\/wp-json\/wp\/v2\/types\/product"}],"wp:featuredmedia":[{"embeddable":true,"href":"https:\/\/lucacastelli.com\/de\/wp-json\/wp\/v2\/media\/541662"}],"wp:attachment":[{"href":"https:\/\/lucacastelli.com\/de\/wp-json\/wp\/v2\/media?parent=607333"}],"wp:term":[{"taxonomy":"product_brand","embeddable":true,"href":"https:\/\/lucacastelli.com\/de\/wp-json\/wp\/v2\/product_brand?post=607333"},{"taxonomy":"product_cat","embeddable":true,"href":"https:\/\/lucacastelli.com\/de\/wp-json\/wp\/v2\/product_cat?post=607333"},{"taxonomy":"product_tag","embeddable":true,"href":"https:\/\/lucacastelli.com\/de\/wp-json\/wp\/v2\/product_tag?post=607333"}],"curies":[{"name":"wp","href":"https:\/\/api.w.org\/{rel}","templated":true}]}}