{"id":607302,"date":"2025-08-10T18:25:04","date_gmt":"2025-08-10T16:25:04","guid":{"rendered":"https:\/\/lucacastelli.com\/prodotto\/milwaukee-vde-mehrzweckschraubendreher-2\/"},"modified":"2025-08-10T18:25:04","modified_gmt":"2025-08-10T16:25:04","slug":"milwaukee-vde-mehrzweckschraubendreher-2","status":"publish","type":"product","link":"https:\/\/lucacastelli.com\/de\/produkt\/milwaukee-vde-mehrzweckschraubendreher-2\/","title":{"rendered":"Milwaukee VDE-Mehrzweckschraubendreher"},"content":{"rendered":"<p>Isolierter Multi-Bit-Schraubendreher<br \/>\nVDE-zertifizierte Werkzeuge (DIN EN\/IEC 60900) f\u00fcr zus\u00e4tzliche Sicherheit. Gepr\u00fcft auf 10.000 Volt und garantiert auf 1.000 Volt; schlankes Schaftdesign f\u00fcr einfachen Zugang zu Schrauben mit niedrigem Profil; kompaktes, weiches Etui f\u00fcr schnellen und einfachen Zugang zu den Bits; lasergravierte Abmessungen auf den Bits zur einfachen Identifizierung; Absturzsicherung f\u00fcr die Verwendung mit dem Milwaukee-Sortiment an Schn\u00fcrsenkeln f\u00fcr den Einsatz in der H\u00f6he <\/p>\n<p>4932493658<br \/>\n4058546485290<\/p>\n","protected":false},"excerpt":{"rendered":"<p>Isolierter Multi-Bit-Schraubendreher<\/p>\n","protected":false},"featured_media":563140,"template":"","meta":{"_seopress_robots_primary_cat":"","_seopress_titles_title":"","_seopress_titles_desc":"","_seopress_robots_index":""},"product_brand":[3656],"product_cat":[150,5529],"product_tag":[3272],"class_list":{"0":"post-607302","1":"product","2":"type-product","3":"status-publish","4":"has-post-thumbnail","6":"product_brand-milwaukee-de","7":"product_cat-ausrustung","8":"product_cat-workshop-tools","9":"product_tag-import-milwau-de","10":"sws-conto-ricavi-merci-rivendita-macchinari-de","11":"sws-gruppo-iva-iva81-de","13":"first","14":"onbackorder","15":"sale","16":"shipping-taxable","17":"purchasable","18":"product-type-simple"},"_links":{"self":[{"href":"https:\/\/lucacastelli.com\/de\/wp-json\/wp\/v2\/product\/607302","targetHints":{"allow":["GET"]}}],"collection":[{"href":"https:\/\/lucacastelli.com\/de\/wp-json\/wp\/v2\/product"}],"about":[{"href":"https:\/\/lucacastelli.com\/de\/wp-json\/wp\/v2\/types\/product"}],"wp:featuredmedia":[{"embeddable":true,"href":"https:\/\/lucacastelli.com\/de\/wp-json\/wp\/v2\/media\/563140"}],"wp:attachment":[{"href":"https:\/\/lucacastelli.com\/de\/wp-json\/wp\/v2\/media?parent=607302"}],"wp:term":[{"taxonomy":"product_brand","embeddable":true,"href":"https:\/\/lucacastelli.com\/de\/wp-json\/wp\/v2\/product_brand?post=607302"},{"taxonomy":"product_cat","embeddable":true,"href":"https:\/\/lucacastelli.com\/de\/wp-json\/wp\/v2\/product_cat?post=607302"},{"taxonomy":"product_tag","embeddable":true,"href":"https:\/\/lucacastelli.com\/de\/wp-json\/wp\/v2\/product_tag?post=607302"}],"curies":[{"name":"wp","href":"https:\/\/api.w.org\/{rel}","templated":true}]}}