{"id":607269,"date":"2025-08-10T18:24:51","date_gmt":"2025-08-10T16:24:51","guid":{"rendered":"https:\/\/lucacastelli.com\/prodotto\/milwaukee-isolierte-schraubendreher-1000v-6\/"},"modified":"2025-08-10T18:24:51","modified_gmt":"2025-08-10T16:24:51","slug":"milwaukee-isolierte-schraubendreher-1000v-6","status":"publish","type":"product","link":"https:\/\/lucacastelli.com\/de\/produkt\/milwaukee-isolierte-schraubendreher-1000v-6\/","title":{"rendered":"Milwaukee Isolierte Schraubendreher 1000V"},"content":{"rendered":"<p>Dreilappiger VDE-Schraubendreher 0,4X2,5X75<br \/>\nGepr\u00fcft bis 10.000V und garantiert bis 1.000V;Schlanker Durchmesser f\u00fcr den Zugang zu Anwendungen in engen R\u00e4umen;Komfortabler 3-seitiger Griff, optimiert f\u00fcr maximalen Benutzerkomfort und Anwendungen mit hohem Drehmoment;Lasergravur auf der Oberseite zur schnellen Identifizierung des Musters;3-seitiges Anti-Roll-Design f\u00fcr bessere Kraft\u00fcbertragung;Loch zur Befestigung des Schraubendrehers an Sicherheitsb\u00e4ndern<\/p>\n<p>4932478712<br \/>\n4058546349059<\/p>\n","protected":false},"excerpt":{"rendered":"<p>Dreilappiger VDE-Schraubendreher 0.4X2.5X75<\/p>\n","protected":false},"featured_media":541662,"template":"","meta":{"_seopress_robots_primary_cat":"","_seopress_titles_title":"","_seopress_titles_desc":"","_seopress_robots_index":""},"product_brand":[3407],"product_cat":[5416,33],"product_tag":[3270],"class_list":{"0":"post-607269","1":"product","2":"type-product","3":"status-publish","4":"has-post-thumbnail","6":"product_brand-milwaukee","7":"product_cat-utensili-per-officina","8":"product_cat-attrezzature","9":"product_tag-import-milwau","10":"sws-conto-ricavi-merci-rivendita-macchinari-de","11":"sws-gruppo-iva-iva81-de","13":"first","14":"onbackorder","15":"sale","16":"shipping-taxable","17":"purchasable","18":"product-type-simple"},"_links":{"self":[{"href":"https:\/\/lucacastelli.com\/de\/wp-json\/wp\/v2\/product\/607269","targetHints":{"allow":["GET"]}}],"collection":[{"href":"https:\/\/lucacastelli.com\/de\/wp-json\/wp\/v2\/product"}],"about":[{"href":"https:\/\/lucacastelli.com\/de\/wp-json\/wp\/v2\/types\/product"}],"wp:featuredmedia":[{"embeddable":true,"href":"https:\/\/lucacastelli.com\/de\/wp-json\/wp\/v2\/media\/541662"}],"wp:attachment":[{"href":"https:\/\/lucacastelli.com\/de\/wp-json\/wp\/v2\/media?parent=607269"}],"wp:term":[{"taxonomy":"product_brand","embeddable":true,"href":"https:\/\/lucacastelli.com\/de\/wp-json\/wp\/v2\/product_brand?post=607269"},{"taxonomy":"product_cat","embeddable":true,"href":"https:\/\/lucacastelli.com\/de\/wp-json\/wp\/v2\/product_cat?post=607269"},{"taxonomy":"product_tag","embeddable":true,"href":"https:\/\/lucacastelli.com\/de\/wp-json\/wp\/v2\/product_tag?post=607269"}],"curies":[{"name":"wp","href":"https:\/\/api.w.org\/{rel}","templated":true}]}}