{"id":607231,"date":"2025-08-10T18:25:49","date_gmt":"2025-08-10T16:25:49","guid":{"rendered":"https:\/\/lucacastelli.com\/prodotto\/milwaukee-vde-praezisions-mehrzweckschraubendreher\/"},"modified":"2025-08-10T18:25:49","modified_gmt":"2025-08-10T16:25:49","slug":"milwaukee-vde-praezisions-mehrzweckschraubendreher","status":"publish","type":"product","link":"https:\/\/lucacastelli.com\/de\/produkt\/milwaukee-vde-praezisions-mehrzweckschraubendreher\/","title":{"rendered":"Milwaukee VDE-Pr\u00e4zisions-Mehrzweckschraubendreher"},"content":{"rendered":"<p>Ins. 8 in 1 Prec. MBit-Schraubendreher-Set<br \/>\nVDE-zertifizierte Werkzeuge (DIN EN\/IEC 60900) f\u00fcr zus\u00e4tzliche Sicherheit. Gepr\u00fcft auf 10.000 Volt und garantiert auf 1.000 Volt;360 Grad drehbarer hinterer Griffkopf f\u00fcr mehr Kontrolle, f\u00fcr Schnelligkeit und Pr\u00e4zision auf der Baustelle;Kompakter, mitgelieferter Softkoffer erm\u00f6glicht schnellen und einfachen Zugriff auf die Bits;Lasergravierte Abmessungen auf den Bits zur leichteren Identifizierung  <\/p>\n<p>4932493659<br \/>\n4058546485306<\/p>\n","protected":false},"excerpt":{"rendered":"<p>Ins. 8 in 1 Prec. MBit Schraubendreher Set <\/p>\n","protected":false},"featured_media":563161,"template":"","meta":{"_seopress_robots_primary_cat":"","_seopress_titles_title":"","_seopress_titles_desc":"","_seopress_robots_index":""},"product_brand":[3407],"product_cat":[5416,33],"product_tag":[3270],"class_list":{"0":"post-607231","1":"product","2":"type-product","3":"status-publish","4":"has-post-thumbnail","6":"product_brand-milwaukee","7":"product_cat-utensili-per-officina","8":"product_cat-attrezzature","9":"product_tag-import-milwau","10":"sws-conto-ricavi-merci-rivendita-macchinari-de","11":"sws-gruppo-iva-iva81-de","13":"first","14":"onbackorder","15":"sale","16":"shipping-taxable","17":"purchasable","18":"product-type-simple"},"_links":{"self":[{"href":"https:\/\/lucacastelli.com\/de\/wp-json\/wp\/v2\/product\/607231","targetHints":{"allow":["GET"]}}],"collection":[{"href":"https:\/\/lucacastelli.com\/de\/wp-json\/wp\/v2\/product"}],"about":[{"href":"https:\/\/lucacastelli.com\/de\/wp-json\/wp\/v2\/types\/product"}],"wp:featuredmedia":[{"embeddable":true,"href":"https:\/\/lucacastelli.com\/de\/wp-json\/wp\/v2\/media\/563161"}],"wp:attachment":[{"href":"https:\/\/lucacastelli.com\/de\/wp-json\/wp\/v2\/media?parent=607231"}],"wp:term":[{"taxonomy":"product_brand","embeddable":true,"href":"https:\/\/lucacastelli.com\/de\/wp-json\/wp\/v2\/product_brand?post=607231"},{"taxonomy":"product_cat","embeddable":true,"href":"https:\/\/lucacastelli.com\/de\/wp-json\/wp\/v2\/product_cat?post=607231"},{"taxonomy":"product_tag","embeddable":true,"href":"https:\/\/lucacastelli.com\/de\/wp-json\/wp\/v2\/product_tag?post=607231"}],"curies":[{"name":"wp","href":"https:\/\/api.w.org\/{rel}","templated":true}]}}