{"id":607227,"date":"2025-08-10T18:25:51","date_gmt":"2025-08-10T16:25:51","guid":{"rendered":"https:\/\/lucacastelli.com\/prodotto\/milwaukee-vde-mehrzweckschraubendreher\/"},"modified":"2025-08-10T18:25:51","modified_gmt":"2025-08-10T16:25:51","slug":"milwaukee-vde-mehrzweckschraubendreher","status":"publish","type":"product","link":"https:\/\/lucacastelli.com\/de\/produkt\/milwaukee-vde-mehrzweckschraubendreher\/","title":{"rendered":"Milwaukee VDE-Mehrzweckschraubendreher"},"content":{"rendered":"<p>Insul. 10 in 1 Multi-Bit-Schraubendreher-Set<br \/>\nVDE-zertifizierte Werkzeuge (DIN EN\/IEC 60900) f\u00fcr zus\u00e4tzliche Sicherheit. Gepr\u00fcft auf 10.000 Volt und garantiert auf 1.000 Volt;Schlankes Schaftdesign f\u00fcr einfachen Zugang zu Schrauben mit niedrigem Profil;Weiches, kompaktes Etui f\u00fcr schnellen und einfachen Zugang zu den Bits;Lasergravierte Abmessungen auf den Bits f\u00fcr eine einfache Identifizierung;Absturzsicherung f\u00fcr die Verwendung mit Milwaukee&#8217;s Schn\u00fcrsenkeln f\u00fcr den Einsatz in der H\u00f6he  <\/p>\n<p>4932493657<br \/>\n4058546485283<\/p>\n","protected":false},"excerpt":{"rendered":"<p>Insul. 10 in 1 Multi-Bit Schraubendreher Set <\/p>\n","protected":false},"featured_media":563119,"template":"","meta":{"_seopress_robots_primary_cat":"","_seopress_titles_title":"","_seopress_titles_desc":"","_seopress_robots_index":""},"product_brand":[3407],"product_cat":[5416,33],"product_tag":[3270],"class_list":{"0":"post-607227","1":"product","2":"type-product","3":"status-publish","4":"has-post-thumbnail","6":"product_brand-milwaukee","7":"product_cat-utensili-per-officina","8":"product_cat-attrezzature","9":"product_tag-import-milwau","10":"sws-conto-ricavi-merci-rivendita-macchinari-de","11":"sws-gruppo-iva-iva81-de","13":"first","14":"onbackorder","15":"sale","16":"shipping-taxable","17":"purchasable","18":"product-type-simple"},"_links":{"self":[{"href":"https:\/\/lucacastelli.com\/de\/wp-json\/wp\/v2\/product\/607227","targetHints":{"allow":["GET"]}}],"collection":[{"href":"https:\/\/lucacastelli.com\/de\/wp-json\/wp\/v2\/product"}],"about":[{"href":"https:\/\/lucacastelli.com\/de\/wp-json\/wp\/v2\/types\/product"}],"wp:featuredmedia":[{"embeddable":true,"href":"https:\/\/lucacastelli.com\/de\/wp-json\/wp\/v2\/media\/563119"}],"wp:attachment":[{"href":"https:\/\/lucacastelli.com\/de\/wp-json\/wp\/v2\/media?parent=607227"}],"wp:term":[{"taxonomy":"product_brand","embeddable":true,"href":"https:\/\/lucacastelli.com\/de\/wp-json\/wp\/v2\/product_brand?post=607227"},{"taxonomy":"product_cat","embeddable":true,"href":"https:\/\/lucacastelli.com\/de\/wp-json\/wp\/v2\/product_cat?post=607227"},{"taxonomy":"product_tag","embeddable":true,"href":"https:\/\/lucacastelli.com\/de\/wp-json\/wp\/v2\/product_tag?post=607227"}],"curies":[{"name":"wp","href":"https:\/\/api.w.org\/{rel}","templated":true}]}}