{"id":607224,"date":"2025-08-10T18:25:48","date_gmt":"2025-08-10T16:25:48","guid":{"rendered":"https:\/\/lucacastelli.com\/prodotto\/milwaukee-praezisions-mehrzweckschraubendreher-2\/"},"modified":"2025-08-10T18:25:48","modified_gmt":"2025-08-10T16:25:48","slug":"milwaukee-praezisions-mehrzweckschraubendreher-2","status":"publish","type":"product","link":"https:\/\/lucacastelli.com\/de\/produkt\/milwaukee-praezisions-mehrzweckschraubendreher-2\/","title":{"rendered":"Milwaukee Pr\u00e4zisions-Mehrzweckschraubendreher"},"content":{"rendered":"<p>27 in 1 Pr\u00e4zisions-Multi-Bit-Schraubendreher<br \/>\nGriff mit 360-Grad-Drehkopf f\u00fcr mehr Kontrolle und maximale Pr\u00e4zision, optimiert f\u00fcr jede Anwendung;Bit-Aufbewahrung im Griff, doppelk\u00f6pfige Bits f\u00fcr schnellen Bitwechsel<\/p>\n<p>4932498176<br \/>\n4058546520458<\/p>\n","protected":false},"excerpt":{"rendered":"<p>27 in 1 Pr\u00e4zisions-Multibit-Schraubendreher<\/p>\n","protected":false},"featured_media":566475,"template":"","meta":{"_seopress_robots_primary_cat":"","_seopress_titles_title":"","_seopress_titles_desc":"","_seopress_robots_index":""},"product_brand":[3407],"product_cat":[5416,33],"product_tag":[3270],"class_list":{"0":"post-607224","1":"product","2":"type-product","3":"status-publish","4":"has-post-thumbnail","6":"product_brand-milwaukee","7":"product_cat-utensili-per-officina","8":"product_cat-attrezzature","9":"product_tag-import-milwau","10":"sws-conto-ricavi-merci-rivendita-macchinari-de","11":"sws-gruppo-iva-iva81-de","13":"first","14":"onbackorder","15":"sale","16":"shipping-taxable","17":"purchasable","18":"product-type-simple"},"_links":{"self":[{"href":"https:\/\/lucacastelli.com\/de\/wp-json\/wp\/v2\/product\/607224","targetHints":{"allow":["GET"]}}],"collection":[{"href":"https:\/\/lucacastelli.com\/de\/wp-json\/wp\/v2\/product"}],"about":[{"href":"https:\/\/lucacastelli.com\/de\/wp-json\/wp\/v2\/types\/product"}],"wp:featuredmedia":[{"embeddable":true,"href":"https:\/\/lucacastelli.com\/de\/wp-json\/wp\/v2\/media\/566475"}],"wp:attachment":[{"href":"https:\/\/lucacastelli.com\/de\/wp-json\/wp\/v2\/media?parent=607224"}],"wp:term":[{"taxonomy":"product_brand","embeddable":true,"href":"https:\/\/lucacastelli.com\/de\/wp-json\/wp\/v2\/product_brand?post=607224"},{"taxonomy":"product_cat","embeddable":true,"href":"https:\/\/lucacastelli.com\/de\/wp-json\/wp\/v2\/product_cat?post=607224"},{"taxonomy":"product_tag","embeddable":true,"href":"https:\/\/lucacastelli.com\/de\/wp-json\/wp\/v2\/product_tag?post=607224"}],"curies":[{"name":"wp","href":"https:\/\/api.w.org\/{rel}","templated":true}]}}