{"id":607223,"date":"2025-08-10T18:25:46","date_gmt":"2025-08-10T16:25:46","guid":{"rendered":"https:\/\/lucacastelli.com\/prodotto\/milwaukee-mehrzweckschraubendreher-mit-ratsche\/"},"modified":"2025-08-10T18:25:46","modified_gmt":"2025-08-10T16:25:46","slug":"milwaukee-mehrzweckschraubendreher-mit-ratsche","status":"publish","type":"product","link":"https:\/\/lucacastelli.com\/de\/produkt\/milwaukee-mehrzweckschraubendreher-mit-ratsche\/","title":{"rendered":"Milwaukee Mehrzweckschraubendreher mit Ratsche"},"content":{"rendered":"<p>MULTI-PURPOSE TURNBIT WHEEL SET WITH CRICK 2 pcs<br \/>\nGriff f\u00fcr die schnelle und einfache Aufbewahrung von Bits;Erm\u00f6glicht es dir, schnell zu erkennen, wenn ein Bit verloren gegangen ist;Erm\u00f6glicht es dir, den Bit in den Griff zu stecken, um an die engsten Stellen zu gelangen;Bithalter mit 1\/4&#8221;-Nuss<\/p>\n<p>4932492811<br \/>\n4058546476823<\/p>\n","protected":false},"excerpt":{"rendered":"<p>MULTI-PURPOSE SCHRAUBENWERKZEUG-SET MIT CRICKET 2-tlg.<\/p>\n","protected":false},"featured_media":552551,"template":"","meta":{"_seopress_robots_primary_cat":"","_seopress_titles_title":"","_seopress_titles_desc":"","_seopress_robots_index":""},"product_brand":[3656],"product_cat":[5529,150],"product_tag":[3272],"class_list":{"0":"post-607223","1":"product","2":"type-product","3":"status-publish","4":"has-post-thumbnail","6":"product_brand-milwaukee-de","7":"product_cat-workshop-tools","8":"product_cat-ausrustung","9":"product_tag-import-milwau-de","10":"sws-conto-ricavi-merci-rivendita-macchinari-de","11":"sws-gruppo-iva-iva81-de","13":"first","14":"onbackorder","15":"sale","16":"shipping-taxable","17":"purchasable","18":"product-type-simple"},"_links":{"self":[{"href":"https:\/\/lucacastelli.com\/de\/wp-json\/wp\/v2\/product\/607223","targetHints":{"allow":["GET"]}}],"collection":[{"href":"https:\/\/lucacastelli.com\/de\/wp-json\/wp\/v2\/product"}],"about":[{"href":"https:\/\/lucacastelli.com\/de\/wp-json\/wp\/v2\/types\/product"}],"wp:featuredmedia":[{"embeddable":true,"href":"https:\/\/lucacastelli.com\/de\/wp-json\/wp\/v2\/media\/552551"}],"wp:attachment":[{"href":"https:\/\/lucacastelli.com\/de\/wp-json\/wp\/v2\/media?parent=607223"}],"wp:term":[{"taxonomy":"product_brand","embeddable":true,"href":"https:\/\/lucacastelli.com\/de\/wp-json\/wp\/v2\/product_brand?post=607223"},{"taxonomy":"product_cat","embeddable":true,"href":"https:\/\/lucacastelli.com\/de\/wp-json\/wp\/v2\/product_cat?post=607223"},{"taxonomy":"product_tag","embeddable":true,"href":"https:\/\/lucacastelli.com\/de\/wp-json\/wp\/v2\/product_tag?post=607223"}],"curies":[{"name":"wp","href":"https:\/\/api.w.org\/{rel}","templated":true}]}}