{"id":607220,"date":"2025-08-10T18:25:47","date_gmt":"2025-08-10T16:25:47","guid":{"rendered":"https:\/\/lucacastelli.com\/prodotto\/milwaukee-praezisions-mehrzweckschraubendreher\/"},"modified":"2025-08-10T18:25:47","modified_gmt":"2025-08-10T16:25:47","slug":"milwaukee-praezisions-mehrzweckschraubendreher","status":"publish","type":"product","link":"https:\/\/lucacastelli.com\/de\/produkt\/milwaukee-praezisions-mehrzweckschraubendreher\/","title":{"rendered":"Milwaukee Pr\u00e4zisions-Mehrzweckschraubendreher"},"content":{"rendered":"<p>4 in 1 Torx-Pr\u00e4zisionsschraubendreher<br \/>\nGriff mit 360-Grad-Drehkopf f\u00fcr mehr Kontrolle und maximale Pr\u00e4zision, optimiert f\u00fcr jede Anwendung;Bit-Aufbewahrung im Griff, doppelk\u00f6pfige Bits f\u00fcr schnellen Bitwechsel<\/p>\n<p>4932498175<br \/>\n4058546520441<\/p>\n","protected":false},"excerpt":{"rendered":"<p>4 in 1 Torx Pr\u00e4zisionsschraubendreher<\/p>\n","protected":false},"featured_media":566442,"template":"","meta":{"_seopress_robots_primary_cat":"","_seopress_titles_title":"","_seopress_titles_desc":"","_seopress_robots_index":""},"product_brand":[3407],"product_cat":[5416,33],"product_tag":[3270],"class_list":{"0":"post-607220","1":"product","2":"type-product","3":"status-publish","4":"has-post-thumbnail","6":"product_brand-milwaukee","7":"product_cat-utensili-per-officina","8":"product_cat-attrezzature","9":"product_tag-import-milwau","10":"sws-conto-ricavi-merci-rivendita-macchinari-de","11":"sws-gruppo-iva-iva81-de","13":"first","14":"onbackorder","15":"sale","16":"shipping-taxable","17":"purchasable","18":"product-type-simple"},"_links":{"self":[{"href":"https:\/\/lucacastelli.com\/de\/wp-json\/wp\/v2\/product\/607220","targetHints":{"allow":["GET"]}}],"collection":[{"href":"https:\/\/lucacastelli.com\/de\/wp-json\/wp\/v2\/product"}],"about":[{"href":"https:\/\/lucacastelli.com\/de\/wp-json\/wp\/v2\/types\/product"}],"wp:featuredmedia":[{"embeddable":true,"href":"https:\/\/lucacastelli.com\/de\/wp-json\/wp\/v2\/media\/566442"}],"wp:attachment":[{"href":"https:\/\/lucacastelli.com\/de\/wp-json\/wp\/v2\/media?parent=607220"}],"wp:term":[{"taxonomy":"product_brand","embeddable":true,"href":"https:\/\/lucacastelli.com\/de\/wp-json\/wp\/v2\/product_brand?post=607220"},{"taxonomy":"product_cat","embeddable":true,"href":"https:\/\/lucacastelli.com\/de\/wp-json\/wp\/v2\/product_cat?post=607220"},{"taxonomy":"product_tag","embeddable":true,"href":"https:\/\/lucacastelli.com\/de\/wp-json\/wp\/v2\/product_tag?post=607220"}],"curies":[{"name":"wp","href":"https:\/\/api.w.org\/{rel}","templated":true}]}}