{"id":607164,"date":"2025-08-13T12:45:17","date_gmt":"2025-08-13T10:45:17","guid":{"rendered":"https:\/\/lucacastelli.com\/prodotto\/trabaldo-sensitive-t-shirt-gruen\/"},"modified":"2026-01-31T00:02:44","modified_gmt":"2026-01-30T23:02:44","slug":"trabaldo-sensitive-t-shirt-gruen","status":"publish","type":"product","link":"https:\/\/lucacastelli.com\/de\/produkt\/trabaldo-sensitive-t-shirt-gruen\/","title":{"rendered":"TRABALDO SENSITIVE T-SHIRT &#8211; gr\u00fcn"},"content":{"rendered":"<p>Du hast noch nie ein echtes Gef\u00fchl der K\u00fchle erlebt, wenn du noch nie SENSITIVE\u00ae getragen hast. Dieses Funktions-T-Shirt ist dank des SENSITIVE\u00ae-Gewebes ideal, um der Hitze des Sommers oder der Vorsaison zu entkommen. SENSITIVE\u00ae ist ein leiterfestes Stretch-Gewebe (73% Mikrofaser PA \/ 27% EA LYCRA\u00ae) mit einer speziellen, ultraflachen Oberfl\u00e4che, die durch ein patentiertes Verfahren erreicht wird und dieses Material besonders f\u00fcr technische Sportbekleidung geeignet macht.  <\/p>\n<p>Atmungsaktivit\u00e4t: Das offene Wabengewebe f\u00f6rdert die Luftzirkulation zwischen den Fasern und sorgt so f\u00fcr eine gute Transpiration, was sich positiv auf das K\u00f6rpergef\u00fchl auswirkt. Die Trocknungszeiten sind im Vergleich zu anderen Kettengewirken im Durchschnitt um 50 % k\u00fcrzer. <\/p>\n<p>Pflegeleicht: Sensitive\u00ae ist ein praktischer Stoff, der waschbest\u00e4ndig ist, seine Farbe und Form beh\u00e4lt, leicht zu waschen ist und nicht geb\u00fcgelt werden muss;<\/p>\n<p>Kein Pilling: Sensitive\u00ae-Stoffe sind sehr widerstandsf\u00e4hig gegen Reibung und vermeiden Pilling, so dass sie ihr Aussehen lange Zeit behalten;<\/p>\n<p>Elastizit\u00e4t: Die f\u00fcr Sensitive\u00ae-Stoffe typische dreidimensionale Elastizit\u00e4t und der hohe Anteil an elastischen LYCRA\u00ae-Fasern bieten perfekte Bewegungsfreiheit, eine tadellose Passform und maximale Formbest\u00e4ndigkeit, auch nach mehrmaligem Waschen;<\/p>\n<p>SunBlock: Dank der speziellen Stoffkonstruktion und der Verwendung von superopaken Mikrofasern filtern die Sensitive\u00ae-Stoffe die Sonnenstrahlen und bieten einen hohen Schutz vor den sch\u00e4dlichen Auswirkungen der UV-Strahlen.<\/p>\n<p>Erh\u00e4ltlich in 3 Farbversionen: 298, 520, BLACK<\/p>\n","protected":false},"excerpt":{"rendered":"<p>Du hast noch nie ein echtes Gef\u00fchl der K\u00fchle erlebt, wenn du noch nie SENSITIVE\u00ae getragen hast. Dieses Funktions-T-Shirt ist<\/p>\n","protected":false},"featured_media":607023,"template":"","meta":{"_seopress_robots_primary_cat":"none","_seopress_titles_title":"","_seopress_titles_desc":"","_seopress_robots_index":""},"product_brand":[3410],"product_cat":[21,284],"product_tag":[],"class_list":{"0":"post-607164","1":"product","2":"type-product","3":"status-publish","4":"has-post-thumbnail","6":"product_brand-trabaldo-gino","7":"product_cat-abbigliamento","8":"product_cat-abbigliamento-da-lavoro","9":"sws-gruppo-abb-libero-de","10":"sws-conto-ricavi-merci-rivendita-abbigliamento-de","11":"sws-gruppo-iva-iva81-de","13":"first","14":"instock","15":"shipping-taxable","16":"purchasable","17":"product-type-variable","18":"has-default-attributes"},"_links":{"self":[{"href":"https:\/\/lucacastelli.com\/de\/wp-json\/wp\/v2\/product\/607164","targetHints":{"allow":["GET"]}}],"collection":[{"href":"https:\/\/lucacastelli.com\/de\/wp-json\/wp\/v2\/product"}],"about":[{"href":"https:\/\/lucacastelli.com\/de\/wp-json\/wp\/v2\/types\/product"}],"wp:featuredmedia":[{"embeddable":true,"href":"https:\/\/lucacastelli.com\/de\/wp-json\/wp\/v2\/media\/607023"}],"wp:attachment":[{"href":"https:\/\/lucacastelli.com\/de\/wp-json\/wp\/v2\/media?parent=607164"}],"wp:term":[{"taxonomy":"product_brand","embeddable":true,"href":"https:\/\/lucacastelli.com\/de\/wp-json\/wp\/v2\/product_brand?post=607164"},{"taxonomy":"product_cat","embeddable":true,"href":"https:\/\/lucacastelli.com\/de\/wp-json\/wp\/v2\/product_cat?post=607164"},{"taxonomy":"product_tag","embeddable":true,"href":"https:\/\/lucacastelli.com\/de\/wp-json\/wp\/v2\/product_tag?post=607164"}],"curies":[{"name":"wp","href":"https:\/\/api.w.org\/{rel}","templated":true}]}}